{"id":8874,"date":"2021-03-27T17:21:28","date_gmt":"2021-03-27T16:21:28","guid":{"rendered":"https:\/\/poolwellness.de\/firmensitz-ausstellung\/"},"modified":"2021-06-05T19:51:21","modified_gmt":"2021-06-05T18:51:21","slug":"office-exhibition","status":"publish","type":"page","link":"https:\/\/poolwellness.de\/en\/company\/office-exhibition\/","title":{"rendered":"Office &#038; Exhibition"},"content":{"rendered":"\t\t<div data-elementor-type=\"wp-page\" data-elementor-id=\"8874\" class=\"elementor elementor-8874 elementor-20\" data-elementor-post-type=\"page\">\n\t\t\t\t\t\t<section class=\"elementor-section elementor-top-section elementor-element elementor-element-4fc3507 elementor-section-full_width elementor-section-stretched animated-fast elementor-section-height-default elementor-section-height-default elementor-invisible\" data-id=\"4fc3507\" data-element_type=\"section\" data-settings=\"{&quot;stretch_section&quot;:&quot;section-stretched&quot;,&quot;background_background&quot;:&quot;classic&quot;,&quot;animation&quot;:&quot;fadeIn&quot;}\">\n\t\t\t\t\t\t<div class=\"elementor-container elementor-column-gap-default\">\n\t\t\t\t\t<div class=\"elementor-column elementor-col-100 elementor-top-column elementor-element elementor-element-0251ac5\" data-id=\"0251ac5\" data-element_type=\"column\">\n\t\t\t<div class=\"elementor-widget-wrap elementor-element-populated\">\n\t\t\t\t\t\t<div class=\"elementor-element elementor-element-f2d0808 elementor-widget elementor-widget-spacer\" data-id=\"f2d0808\" data-element_type=\"widget\" data-widget_type=\"spacer.default\">\n\t\t\t\t<div class=\"elementor-widget-container\">\n\t\t\t\t\t\t\t<div class=\"elementor-spacer\">\n\t\t\t<div class=\"elementor-spacer-inner\"><\/div>\n\t\t<\/div>\n\t\t\t\t\t\t<\/div>\n\t\t\t\t<\/div>\n\t\t\t\t\t<\/div>\n\t\t<\/div>\n\t\t\t\t\t<\/div>\n\t\t<\/section>\n\t\t\t\t<section class=\"elementor-section elementor-top-section elementor-element elementor-element-75c4b0fe elementor-section-stretched elementor-section-boxed elementor-section-height-default elementor-section-height-default\" data-id=\"75c4b0fe\" data-element_type=\"section\" data-settings=\"{&quot;stretch_section&quot;:&quot;section-stretched&quot;,&quot;background_background&quot;:&quot;classic&quot;}\">\n\t\t\t\t\t\t<div class=\"elementor-container elementor-column-gap-default\">\n\t\t\t\t\t<div class=\"elementor-column elementor-col-100 elementor-top-column elementor-element elementor-element-5ed14742\" data-id=\"5ed14742\" data-element_type=\"column\">\n\t\t\t<div class=\"elementor-widget-wrap elementor-element-populated\">\n\t\t\t\t\t\t<div class=\"elementor-element elementor-element-4e574ebb elementor-widget elementor-widget-spacer\" data-id=\"4e574ebb\" data-element_type=\"widget\" data-widget_type=\"spacer.default\">\n\t\t\t\t<div class=\"elementor-widget-container\">\n\t\t\t\t\t\t\t<div class=\"elementor-spacer\">\n\t\t\t<div class=\"elementor-spacer-inner\"><\/div>\n\t\t<\/div>\n\t\t\t\t\t\t<\/div>\n\t\t\t\t<\/div>\n\t\t\t\t<div class=\"elementor-element elementor-element-18067cb5 elementor-widget elementor-widget-heading\" data-id=\"18067cb5\" data-element_type=\"widget\" data-widget_type=\"heading.default\">\n\t\t\t\t<div class=\"elementor-widget-container\">\n\t\t\t\t\t<h1 class=\"elementor-heading-title elementor-size-default\">FIRMENSITZ &amp; AUSSTELLUNG<\/h1>\t\t\t\t<\/div>\n\t\t\t\t<\/div>\n\t\t\t\t<div class=\"elementor-element elementor-element-6de0cc8c link-decoration-text-body-only  elementor-widget elementor-widget-text-editor\" data-id=\"6de0cc8c\" data-element_type=\"widget\" data-widget_type=\"text-editor.default\">\n\t\t\t\t<div class=\"elementor-widget-container\">\n\t\t\t\t\t\t\t\t\t<p>Berlins exklusivste Schwimmb\u00e4der baut K\u00dcHNE Pool &amp; Wellness. Wir realisieren auch Ihre Wellnessoase!<\/p><p><b>Ausstellungsgel\u00e4nde<\/b><br \/>K\u00dcHNE Pool &amp; Wellness AG \/ August-Borsig-Ring 5 \/ 15566 Sch\u00f6neiche b. Berlin<\/p><p><b>Hauptsitz<\/b><br \/>K\u00dcHNE Pool &amp; Wellness AG \/ August-Borsig-Ring 19 \/ 15566 Sch\u00f6neiche b. Berlin<\/p><p><b>RUFEN SIE UNS AN<\/b><br \/>Sie erreichen uns telefonisch unter 030 \/ 65 66 119-0<\/p><p><b>AUSSTELLUNGSFL\u00c4CHE AUF 6.000 QUADRATMETERN<\/b><br \/>Mehr erleben, mehr anfassen, mehr ausprobieren. In unserer Ausstellungsfl\u00e4che im August-Borsig-Ring werden unterschiedliche Schwimmb\u00e4der, Saunen, Whirlpools und vieles mehr pr\u00e4sentiert. Auf der 6.000 Quadratmeter gro\u00dfen Pool-Erlebniswelt stehen mehrere Schwimmbecken aus unterschiedlichen Materialien und Baustilen bereit. Im gl\u00e4sernen Technikraum wird die K\u00dcHNE-Schwimmbadtechnik pr\u00e4sentiert.<\/p><p class=\"text-border\">Kurzentschlossene aufgepasst: Wer es eilig hat, kann sein Lieblingsmodell gleich mit nachhause nehmen. Eine Vielzahl an Whirlpools und Fertigschwimmbecken befinden sich st\u00e4ndig am Lager. Kommen Sie vorbei und erf\u00fcllen Sie sich noch heute Ihren Traum vom eigenen Pool.<\/p><p><b>\u00d6FFNUNGSZEITEN<\/b><br \/>Unsere Experten beraten Sie <strong>t\u00e4glich von 8\u201320 Uhr<\/strong> in Berlins und Brandenburgs gr\u00f6\u00dfter Schwimmbadausstellung.<\/p>\t\t\t\t\t\t\t\t<\/div>\n\t\t\t\t<\/div>\n\t\t\t\t<div class=\"elementor-element elementor-element-46e26e2d elementor-widget elementor-widget-spacer\" data-id=\"46e26e2d\" data-element_type=\"widget\" data-widget_type=\"spacer.default\">\n\t\t\t\t<div class=\"elementor-widget-container\">\n\t\t\t\t\t\t\t<div class=\"elementor-spacer\">\n\t\t\t<div class=\"elementor-spacer-inner\"><\/div>\n\t\t<\/div>\n\t\t\t\t\t\t<\/div>\n\t\t\t\t<\/div>\n\t\t\t\t\t<\/div>\n\t\t<\/div>\n\t\t\t\t\t<\/div>\n\t\t<\/section>\n\t\t\t\t<section class=\"elementor-section elementor-top-section elementor-element elementor-element-4b2a9d7 elementor-section-full_width elementor-section-stretched elementor-section-height-default elementor-section-height-default\" data-id=\"4b2a9d7\" data-element_type=\"section\" data-settings=\"{&quot;stretch_section&quot;:&quot;section-stretched&quot;}\">\n\t\t\t\t\t\t<div class=\"elementor-container elementor-column-gap-default\">\n\t\t\t\t\t<div class=\"elementor-column elementor-col-50 elementor-top-column elementor-element elementor-element-ab0e190\" data-id=\"ab0e190\" data-element_type=\"column\" data-settings=\"{&quot;background_background&quot;:&quot;classic&quot;}\">\n\t\t\t<div class=\"elementor-widget-wrap elementor-element-populated\">\n\t\t\t\t\t\t<div class=\"elementor-element elementor-element-3827949 elementor-widget elementor-widget-spacer\" data-id=\"3827949\" data-element_type=\"widget\" data-widget_type=\"spacer.default\">\n\t\t\t\t<div class=\"elementor-widget-container\">\n\t\t\t\t\t\t\t<div class=\"elementor-spacer\">\n\t\t\t<div class=\"elementor-spacer-inner\"><\/div>\n\t\t<\/div>\n\t\t\t\t\t\t<\/div>\n\t\t\t\t<\/div>\n\t\t\t\t\t<\/div>\n\t\t<\/div>\n\t\t\t\t<div class=\"elementor-column elementor-col-50 elementor-top-column elementor-element elementor-element-a8c7877\" data-id=\"a8c7877\" data-element_type=\"column\" data-settings=\"{&quot;background_background&quot;:&quot;classic&quot;}\">\n\t\t\t<div class=\"elementor-widget-wrap elementor-element-populated\">\n\t\t\t\t\t\t<div class=\"elementor-element elementor-element-46f3b1f elementor-widget elementor-widget-spacer\" data-id=\"46f3b1f\" data-element_type=\"widget\" data-widget_type=\"spacer.default\">\n\t\t\t\t<div class=\"elementor-widget-container\">\n\t\t\t\t\t\t\t<div class=\"elementor-spacer\">\n\t\t\t<div class=\"elementor-spacer-inner\"><\/div>\n\t\t<\/div>\n\t\t\t\t\t\t<\/div>\n\t\t\t\t<\/div>\n\t\t\t\t\t<\/div>\n\t\t<\/div>\n\t\t\t\t\t<\/div>\n\t\t<\/section>\n\t\t\t\t<section class=\"elementor-section elementor-top-section elementor-element elementor-element-9816208 elementor-section-full_width elementor-section-stretched elementor-section-height-default elementor-section-height-default\" data-id=\"9816208\" data-element_type=\"section\" data-settings=\"{&quot;stretch_section&quot;:&quot;section-stretched&quot;}\">\n\t\t\t\t\t\t<div class=\"elementor-container elementor-column-gap-default\">\n\t\t\t\t\t<div class=\"elementor-column elementor-col-50 elementor-top-column elementor-element elementor-element-6974012\" data-id=\"6974012\" data-element_type=\"column\" data-settings=\"{&quot;background_background&quot;:&quot;classic&quot;}\">\n\t\t\t<div class=\"elementor-widget-wrap elementor-element-populated\">\n\t\t\t\t\t\t<div class=\"elementor-element elementor-element-1470685 elementor-widget elementor-widget-spacer\" data-id=\"1470685\" data-element_type=\"widget\" data-widget_type=\"spacer.default\">\n\t\t\t\t<div class=\"elementor-widget-container\">\n\t\t\t\t\t\t\t<div class=\"elementor-spacer\">\n\t\t\t<div class=\"elementor-spacer-inner\"><\/div>\n\t\t<\/div>\n\t\t\t\t\t\t<\/div>\n\t\t\t\t<\/div>\n\t\t\t\t\t<\/div>\n\t\t<\/div>\n\t\t\t\t<div class=\"elementor-column elementor-col-50 elementor-top-column elementor-element elementor-element-40a0e4e\" data-id=\"40a0e4e\" data-element_type=\"column\" data-settings=\"{&quot;background_background&quot;:&quot;classic&quot;}\">\n\t\t\t<div class=\"elementor-widget-wrap elementor-element-populated\">\n\t\t\t\t\t\t<div class=\"elementor-element elementor-element-6797b8d elementor-widget elementor-widget-spacer\" data-id=\"6797b8d\" data-element_type=\"widget\" data-widget_type=\"spacer.default\">\n\t\t\t\t<div class=\"elementor-widget-container\">\n\t\t\t\t\t\t\t<div class=\"elementor-spacer\">\n\t\t\t<div class=\"elementor-spacer-inner\"><\/div>\n\t\t<\/div>\n\t\t\t\t\t\t<\/div>\n\t\t\t\t<\/div>\n\t\t\t\t\t<\/div>\n\t\t<\/div>\n\t\t\t\t\t<\/div>\n\t\t<\/section>\n\t\t\t\t<\/div>\n\t\t","protected":false},"excerpt":{"rendered":"<p>FIRMENSITZ &amp; AUSSTELLUNG Berlins exklusivste Schwimmb\u00e4der baut K\u00dcHNE Pool &amp; Wellness. Wir realisieren auch Ihre Wellnessoase! Ausstellungsgel\u00e4nde K\u00dcHNE Pool &amp; Wellness AG \/ August-Borsig-Ring 5 \/ 15566 Sch\u00f6neiche b. Berlin Hauptsitz K\u00dcHNE Pool &amp; Wellness AG \/ August-Borsig-Ring 19 \/ 15566 Sch\u00f6neiche b. Berlin RUFEN SIE UNS AN Sie erreichen uns telefonisch unter 030 \/ [&hellip;]<\/p>\n","protected":false},"author":4,"featured_media":0,"parent":8890,"menu_order":0,"comment_status":"closed","ping_status":"closed","template":"","meta":{"footnotes":""},"class_list":["post-8874","page","type-page","status-publish","hentry"],"_links":{"self":[{"href":"https:\/\/poolwellness.de\/en\/wp-json\/wp\/v2\/pages\/8874","targetHints":{"allow":["GET"]}}],"collection":[{"href":"https:\/\/poolwellness.de\/en\/wp-json\/wp\/v2\/pages"}],"about":[{"href":"https:\/\/poolwellness.de\/en\/wp-json\/wp\/v2\/types\/page"}],"author":[{"embeddable":true,"href":"https:\/\/poolwellness.de\/en\/wp-json\/wp\/v2\/users\/4"}],"replies":[{"embeddable":true,"href":"https:\/\/poolwellness.de\/en\/wp-json\/wp\/v2\/comments?post=8874"}],"version-history":[{"count":0,"href":"https:\/\/poolwellness.de\/en\/wp-json\/wp\/v2\/pages\/8874\/revisions"}],"up":[{"embeddable":true,"href":"https:\/\/poolwellness.de\/en\/wp-json\/wp\/v2\/pages\/8890"}],"wp:attachment":[{"href":"https:\/\/poolwellness.de\/en\/wp-json\/wp\/v2\/media?parent=8874"}],"curies":[{"name":"wp","href":"https:\/\/api.w.org\/{rel}","templated":true}]}}