{"id":8875,"date":"2021-03-27T17:21:28","date_gmt":"2021-03-27T17:21:28","guid":{"rendered":"https:\/\/poolwellness.de\/partner\/"},"modified":"2021-03-27T17:21:28","modified_gmt":"2021-03-27T17:21:28","slug":"partner","status":"publish","type":"page","link":"https:\/\/poolwellness.de\/en\/company\/partner\/","title":{"rendered":"Partner"},"content":{"rendered":"\t\t<div data-elementor-type=\"wp-page\" data-elementor-id=\"8875\" class=\"elementor elementor-8875 elementor-21\" data-elementor-post-type=\"page\">\n\t\t\t\t\t\t<section class=\"elementor-section elementor-top-section elementor-element elementor-element-a57c75e elementor-section-full_width elementor-section-stretched animated-fast elementor-section-height-default elementor-section-height-default elementor-invisible\" data-id=\"a57c75e\" data-element_type=\"section\" data-settings=\"{&quot;stretch_section&quot;:&quot;section-stretched&quot;,&quot;background_background&quot;:&quot;classic&quot;,&quot;animation&quot;:&quot;fadeIn&quot;}\">\n\t\t\t\t\t\t<div class=\"elementor-container elementor-column-gap-default\">\n\t\t\t\t\t<div class=\"elementor-column elementor-col-100 elementor-top-column elementor-element elementor-element-7f37a67\" data-id=\"7f37a67\" data-element_type=\"column\">\n\t\t\t<div class=\"elementor-widget-wrap elementor-element-populated\">\n\t\t\t\t\t\t<div class=\"elementor-element elementor-element-e40acd1 elementor-widget elementor-widget-spacer\" data-id=\"e40acd1\" data-element_type=\"widget\" data-widget_type=\"spacer.default\">\n\t\t\t\t<div class=\"elementor-widget-container\">\n\t\t\t\t\t\t\t<div class=\"elementor-spacer\">\n\t\t\t<div class=\"elementor-spacer-inner\"><\/div>\n\t\t<\/div>\n\t\t\t\t\t\t<\/div>\n\t\t\t\t<\/div>\n\t\t\t\t\t<\/div>\n\t\t<\/div>\n\t\t\t\t\t<\/div>\n\t\t<\/section>\n\t\t\t\t<section class=\"elementor-section elementor-top-section elementor-element elementor-element-9289bf2 elementor-section-stretched elementor-section-boxed elementor-section-height-default elementor-section-height-default\" data-id=\"9289bf2\" data-element_type=\"section\" data-settings=\"{&quot;stretch_section&quot;:&quot;section-stretched&quot;,&quot;background_background&quot;:&quot;classic&quot;}\">\n\t\t\t\t\t\t<div class=\"elementor-container elementor-column-gap-default\">\n\t\t\t\t\t<div class=\"elementor-column elementor-col-100 elementor-top-column elementor-element elementor-element-2901f6f\" data-id=\"2901f6f\" data-element_type=\"column\">\n\t\t\t<div class=\"elementor-widget-wrap elementor-element-populated\">\n\t\t\t\t\t\t<div class=\"elementor-element elementor-element-89f21bf elementor-widget elementor-widget-spacer\" data-id=\"89f21bf\" data-element_type=\"widget\" data-widget_type=\"spacer.default\">\n\t\t\t\t<div class=\"elementor-widget-container\">\n\t\t\t\t\t\t\t<div class=\"elementor-spacer\">\n\t\t\t<div class=\"elementor-spacer-inner\"><\/div>\n\t\t<\/div>\n\t\t\t\t\t\t<\/div>\n\t\t\t\t<\/div>\n\t\t\t\t<div class=\"elementor-element elementor-element-df35a9a elementor-widget elementor-widget-heading\" data-id=\"df35a9a\" data-element_type=\"widget\" data-widget_type=\"heading.default\">\n\t\t\t\t<div class=\"elementor-widget-container\">\n\t\t\t\t\t<h1 class=\"elementor-heading-title elementor-size-default\">Partner<\/h1>\t\t\t\t<\/div>\n\t\t\t\t<\/div>\n\t\t\t\t<div class=\"elementor-element elementor-element-59650f1 link-decoration-text-body-only  elementor-widget elementor-widget-text-editor\" data-id=\"59650f1\" data-element_type=\"widget\" data-widget_type=\"text-editor.default\">\n\t\t\t\t<div class=\"elementor-widget-container\">\n\t\t\t\t\t\t\t\t\t<p class=\"subtitle\"><strong>Gemeinsam mit folgenden Partnern<\/strong><\/p><p>Unser gemeinsames Ziel ist es, Sie mit faszinierenden Pools, Schwimmb\u00e4dern, Wellnessoasen und Whirlpools zu begeisterten.<\/p>\t\t\t\t\t\t\t\t<\/div>\n\t\t\t\t<\/div>\n\t\t\t\t<div class=\"elementor-element elementor-element-8be0427 elementor-widget elementor-widget-spacer\" data-id=\"8be0427\" data-element_type=\"widget\" data-widget_type=\"spacer.default\">\n\t\t\t\t<div class=\"elementor-widget-container\">\n\t\t\t\t\t\t\t<div class=\"elementor-spacer\">\n\t\t\t<div class=\"elementor-spacer-inner\"><\/div>\n\t\t<\/div>\n\t\t\t\t\t\t<\/div>\n\t\t\t\t<\/div>\n\t\t\t\t\t<\/div>\n\t\t<\/div>\n\t\t\t\t\t<\/div>\n\t\t<\/section>\n\t\t\t\t<section class=\"elementor-section elementor-top-section elementor-element elementor-element-5d57dba sc-partner sc-sponsoring elementor-section-boxed elementor-section-height-default elementor-section-height-default\" data-id=\"5d57dba\" data-element_type=\"section\">\n\t\t\t\t\t\t<div class=\"elementor-container elementor-column-gap-default\">\n\t\t\t\t\t<div class=\"elementor-column elementor-col-100 elementor-top-column elementor-element elementor-element-03e3a9f\" data-id=\"03e3a9f\" data-element_type=\"column\">\n\t\t\t<div class=\"elementor-widget-wrap elementor-element-populated\">\n\t\t\t\t\t\t<div class=\"elementor-element elementor-element-7088795 bdt-filter-backdrop elementor-widget elementor-widget-jet-listing-grid\" data-id=\"7088795\" data-element_type=\"widget\" data-settings=\"{&quot;columns&quot;:3,&quot;columns_tablet&quot;:&quot;2&quot;,&quot;columns_mobile&quot;:&quot;1&quot;}\" data-widget_type=\"jet-listing-grid.default\">\n\t\t\t\t<div class=\"elementor-widget-container\">\n\t\t\t\t\t<div class=\"jet-listing-grid jet-listing\"><div class=\"jet-listing-grid__items grid-col-desk-3 grid-col-tablet-2 grid-col-mobile-1 jet-listing-grid--1814 jet-listing-grid__masonry\" data-masonry-grid-options=\"{&quot;columns&quot;:{&quot;desktop&quot;:3,&quot;tablet&quot;:2,&quot;mobile&quot;:1}}\" data-queried-id=\"8875|WP_Post\" data-nav=\"{&quot;enabled&quot;:false,&quot;type&quot;:null,&quot;more_el&quot;:null,&quot;query&quot;:[],&quot;widget_settings&quot;:{&quot;lisitng_id&quot;:1814,&quot;posts_num&quot;:15,&quot;columns&quot;:3,&quot;columns_tablet&quot;:2,&quot;columns_mobile&quot;:1,&quot;column_min_width&quot;:240,&quot;column_min_width_tablet&quot;:240,&quot;column_min_width_mobile&quot;:240,&quot;inline_columns_css&quot;:false,&quot;is_archive_template&quot;:&quot;&quot;,&quot;post_status&quot;:[&quot;publish&quot;],&quot;use_random_posts_num&quot;:&quot;&quot;,&quot;max_posts_num&quot;:15,&quot;not_found_message&quot;:&quot;No data was found&quot;,&quot;is_masonry&quot;:true,&quot;equal_columns_height&quot;:&quot;&quot;,&quot;use_load_more&quot;:&quot;&quot;,&quot;load_more_id&quot;:&quot;load_more&quot;,&quot;load_more_type&quot;:&quot;click&quot;,&quot;load_more_offset&quot;:{&quot;unit&quot;:&quot;px&quot;,&quot;size&quot;:0,&quot;sizes&quot;:[]},&quot;use_custom_post_types&quot;:&quot;&quot;,&quot;custom_post_types&quot;:[],&quot;hide_widget_if&quot;:&quot;&quot;,&quot;carousel_enabled&quot;:&quot;&quot;,&quot;slides_to_scroll&quot;:&quot;1&quot;,&quot;arrows&quot;:&quot;true&quot;,&quot;arrow_icon&quot;:&quot;fa fa-long-arrow-left&quot;,&quot;dots&quot;:&quot;true&quot;,&quot;autoplay&quot;:&quot;true&quot;,&quot;pause_on_hover&quot;:&quot;true&quot;,&quot;autoplay_speed&quot;:5000,&quot;infinite&quot;:&quot;true&quot;,&quot;center_mode&quot;:&quot;&quot;,&quot;effect&quot;:&quot;slide&quot;,&quot;speed&quot;:500,&quot;inject_alternative_items&quot;:&quot;&quot;,&quot;injection_items&quot;:[],&quot;scroll_slider_enabled&quot;:&quot;&quot;,&quot;scroll_slider_on&quot;:[&quot;desktop&quot;,&quot;tablet&quot;,&quot;mobile&quot;],&quot;custom_query&quot;:false,&quot;custom_query_id&quot;:&quot;&quot;,&quot;_element_id&quot;:&quot;&quot;,&quot;collapse_first_last_gap&quot;:false,&quot;list_tag_selection&quot;:&quot;&quot;,&quot;list_items_wrapper_tag&quot;:&quot;div&quot;,&quot;list_item_tag&quot;:&quot;div&quot;,&quot;empty_items_wrapper_tag&quot;:&quot;div&quot;}}\" data-page=\"1\" data-pages=\"1\" data-listing-source=\"posts\" data-listing-id=\"1814\" data-query-id=\"\"><div class=\"jet-listing-grid__item jet-listing-dynamic-post-9021\" data-post-id=\"9021\"  >\t\t<div data-elementor-type=\"jet-listing-items\" data-elementor-id=\"9024\" class=\"elementor elementor-9024 elementor-1814\" data-elementor-post-type=\"jet-engine\">\n\t\t\t\t\t\t<section class=\"elementor-section elementor-top-section elementor-element elementor-element-17fff00 elementor-section-boxed elementor-section-height-default elementor-section-height-default\" data-id=\"17fff00\" data-element_type=\"section\">\n\t\t\t\t\t\t<div class=\"elementor-container elementor-column-gap-default\">\n\t\t\t\t\t<div class=\"elementor-column elementor-col-100 elementor-top-column elementor-element elementor-element-b137253\" data-id=\"b137253\" data-element_type=\"column\">\n\t\t\t<div class=\"elementor-widget-wrap elementor-element-populated\">\n\t\t\t\t\t\t<div class=\"elementor-element elementor-element-764ff83 elementor-widget elementor-widget-image\" data-id=\"764ff83\" data-element_type=\"widget\" data-widget_type=\"image.default\">\n\t\t\t\t<div class=\"elementor-widget-container\">\n\t\t\t\t\t\t\t\t\t\t\t\t\t\t\t<img decoding=\"async\" width=\"146\" height=\"82\" src=\"https:\/\/poolwellness.de\/wp-content\/uploads\/2021\/04\/Villeroy-Boch-.jpg\" class=\"attachment-large size-large wp-image-7813\" alt=\"\" \/>\t\t\t\t\t\t\t\t\t\t\t\t\t\t\t<\/div>\n\t\t\t\t<\/div>\n\t\t\t\t<div class=\"elementor-element elementor-element-90d745d bdt-filter-backdrop elementor-widget elementor-widget-jet-listing-dynamic-field\" data-id=\"90d745d\" data-element_type=\"widget\" data-widget_type=\"jet-listing-dynamic-field.default\">\n\t\t\t\t<div class=\"elementor-widget-container\">\n\t\t\t\t\t<div class=\"jet-listing jet-listing-dynamic-field display-inline\"><div class=\"jet-listing-dynamic-field__inline-wrap\"><div class=\"jet-listing-dynamic-field__content\">Villeroy &amp; Boch<\/div><\/div><\/div>\t\t\t\t<\/div>\n\t\t\t\t<\/div>\n\t\t\t\t<div class=\"elementor-element elementor-element-f35c8eb  listing-text-line-height bdt-filter-backdrop elementor-widget elementor-widget-jet-listing-dynamic-field\" data-id=\"f35c8eb\" data-element_type=\"widget\" data-widget_type=\"jet-listing-dynamic-field.default\">\n\t\t\t\t<div class=\"elementor-widget-container\">\n\t\t\t\t\t<div class=\"jet-listing jet-listing-dynamic-field display-inline\"><div class=\"jet-listing-dynamic-field__inline-wrap\"><div class=\"jet-listing-dynamic-field__content\"><p>Die Whirlpools von Villeroy &amp; Boch \u00fcberzeugen durch innovatives Design, langlebige Qualit\u00e4t und unschlagbare Energieeffizienz. Villeroy &amp; Boch verbindet innovative Whirlpool-Technologie mit ansprechendem Design, einer gro\u00dfen Auswahl an \u00e4sthetischen Wannenmodellen und nat\u00fcrlich h\u00f6chster Qualit\u00e4t. Als Werksvertretung betreut die K\u00dcHNE Pool &amp; Wellness AG die Region Berlin\/Brandenburg.<br \/>\n<a href=\"http:\/\/www.villeroy-boch.de\/whirlpools.html\">www.villeroy-boch.de\/whirlpools.html <\/a><\/p>\n<\/div><\/div><\/div>\t\t\t\t<\/div>\n\t\t\t\t<\/div>\n\t\t\t\t\t<\/div>\n\t\t<\/div>\n\t\t\t\t\t<\/div>\n\t\t<\/section>\n\t\t\t\t<\/div>\n\t\t<\/div><div class=\"jet-listing-grid__item jet-listing-dynamic-post-9019\" data-post-id=\"9019\"  >\t\t<div data-elementor-type=\"jet-listing-items\" data-elementor-id=\"9024\" class=\"elementor elementor-9024 elementor-1814\" data-elementor-post-type=\"jet-engine\">\n\t\t\t\t\t\t<section class=\"elementor-section elementor-top-section elementor-element elementor-element-17fff00 elementor-section-boxed elementor-section-height-default elementor-section-height-default\" data-id=\"17fff00\" data-element_type=\"section\">\n\t\t\t\t\t\t<div class=\"elementor-container elementor-column-gap-default\">\n\t\t\t\t\t<div class=\"elementor-column elementor-col-100 elementor-top-column elementor-element elementor-element-b137253\" data-id=\"b137253\" data-element_type=\"column\">\n\t\t\t<div class=\"elementor-widget-wrap elementor-element-populated\">\n\t\t\t\t\t\t<div class=\"elementor-element elementor-element-764ff83 elementor-widget elementor-widget-image\" data-id=\"764ff83\" data-element_type=\"widget\" data-widget_type=\"image.default\">\n\t\t\t\t<div class=\"elementor-widget-container\">\n\t\t\t\t\t\t\t\t\t\t\t\t\t\t\t<img decoding=\"async\" width=\"300\" height=\"60\" src=\"https:\/\/poolwellness.de\/wp-content\/uploads\/2021\/04\/Hygromatic.jpg\" class=\"attachment-large size-large wp-image-7814\" alt=\"\" \/>\t\t\t\t\t\t\t\t\t\t\t\t\t\t\t<\/div>\n\t\t\t\t<\/div>\n\t\t\t\t<div class=\"elementor-element elementor-element-90d745d bdt-filter-backdrop elementor-widget elementor-widget-jet-listing-dynamic-field\" data-id=\"90d745d\" data-element_type=\"widget\" data-widget_type=\"jet-listing-dynamic-field.default\">\n\t\t\t\t<div class=\"elementor-widget-container\">\n\t\t\t\t\t<div class=\"jet-listing jet-listing-dynamic-field display-inline\"><div class=\"jet-listing-dynamic-field__inline-wrap\"><div class=\"jet-listing-dynamic-field__content\">Hygromatik<\/div><\/div><\/div>\t\t\t\t<\/div>\n\t\t\t\t<\/div>\n\t\t\t\t<div class=\"elementor-element elementor-element-f35c8eb  listing-text-line-height bdt-filter-backdrop elementor-widget elementor-widget-jet-listing-dynamic-field\" data-id=\"f35c8eb\" data-element_type=\"widget\" data-widget_type=\"jet-listing-dynamic-field.default\">\n\t\t\t\t<div class=\"elementor-widget-container\">\n\t\t\t\t\t<div class=\"jet-listing jet-listing-dynamic-field display-inline\"><div class=\"jet-listing-dynamic-field__inline-wrap\"><div class=\"jet-listing-dynamic-field__content\"><p>Mit der Erfahrung seit 1970 bietet Hygromatik Produkte im Bereich Luftbefeuchtung. Ob Dampfbad, Biosauna oder Hamam, HygroMatik Dampfgeneratoren erf\u00fcllen alle Ihre W\u00fcnsche in den verschiedenen Anwendungsgebieten und \u00fcberzeugen dabei mit einer hervorragenden Qualit\u00e4t Made in Germany.<br \/>\n<a href=\"http:\/\/www.hygromatik.de\">www.hygromatik.de<\/a><\/p>\n<\/div><\/div><\/div>\t\t\t\t<\/div>\n\t\t\t\t<\/div>\n\t\t\t\t\t<\/div>\n\t\t<\/div>\n\t\t\t\t\t<\/div>\n\t\t<\/section>\n\t\t\t\t<\/div>\n\t\t<\/div><div class=\"jet-listing-grid__item jet-listing-dynamic-post-9016\" data-post-id=\"9016\"  >\t\t<div data-elementor-type=\"jet-listing-items\" data-elementor-id=\"9024\" class=\"elementor elementor-9024 elementor-1814\" data-elementor-post-type=\"jet-engine\">\n\t\t\t\t\t\t<section class=\"elementor-section elementor-top-section elementor-element elementor-element-17fff00 elementor-section-boxed elementor-section-height-default elementor-section-height-default\" data-id=\"17fff00\" data-element_type=\"section\">\n\t\t\t\t\t\t<div class=\"elementor-container elementor-column-gap-default\">\n\t\t\t\t\t<div class=\"elementor-column elementor-col-100 elementor-top-column elementor-element elementor-element-b137253\" data-id=\"b137253\" data-element_type=\"column\">\n\t\t\t<div class=\"elementor-widget-wrap elementor-element-populated\">\n\t\t\t\t\t\t<div class=\"elementor-element elementor-element-764ff83 elementor-widget elementor-widget-image\" data-id=\"764ff83\" data-element_type=\"widget\" data-widget_type=\"image.default\">\n\t\t\t\t<div class=\"elementor-widget-container\">\n\t\t\t\t\t\t\t\t\t\t\t\t\t\t\t<img decoding=\"async\" width=\"227\" height=\"108\" src=\"https:\/\/poolwellness.de\/wp-content\/uploads\/2021\/04\/Bsw-\u2013-Bundesverband.jpg\" class=\"attachment-large size-large wp-image-7807\" alt=\"\" \/>\t\t\t\t\t\t\t\t\t\t\t\t\t\t\t<\/div>\n\t\t\t\t<\/div>\n\t\t\t\t<div class=\"elementor-element elementor-element-90d745d bdt-filter-backdrop elementor-widget elementor-widget-jet-listing-dynamic-field\" data-id=\"90d745d\" data-element_type=\"widget\" data-widget_type=\"jet-listing-dynamic-field.default\">\n\t\t\t\t<div class=\"elementor-widget-container\">\n\t\t\t\t\t<div class=\"jet-listing jet-listing-dynamic-field display-inline\"><div class=\"jet-listing-dynamic-field__inline-wrap\"><div class=\"jet-listing-dynamic-field__content\">Bsw \u2013 Bundesverband Schwimmbad &amp; Wellness e.V.<\/div><\/div><\/div>\t\t\t\t<\/div>\n\t\t\t\t<\/div>\n\t\t\t\t<div class=\"elementor-element elementor-element-f35c8eb  listing-text-line-height bdt-filter-backdrop elementor-widget elementor-widget-jet-listing-dynamic-field\" data-id=\"f35c8eb\" data-element_type=\"widget\" data-widget_type=\"jet-listing-dynamic-field.default\">\n\t\t\t\t<div class=\"elementor-widget-container\">\n\t\t\t\t\t<div class=\"jet-listing jet-listing-dynamic-field display-inline\"><div class=\"jet-listing-dynamic-field__inline-wrap\"><div class=\"jet-listing-dynamic-field__content\"><p>Der bsw ist ein professioneller Verbandsdienstleister und bietet ein umfassendes Branchennetzwerk der Schwimmbad \u2013 und Wellnessbranche in Deutschland und Europa vor allem f\u00fcr den privaten Sektor, insbesondere f\u00fcr private Pools.<br \/>\n<a href=\"http:\/\/www.bsw-web.de\">www.bsw-web.de<\/a><\/p>\n<\/div><\/div><\/div>\t\t\t\t<\/div>\n\t\t\t\t<\/div>\n\t\t\t\t\t<\/div>\n\t\t<\/div>\n\t\t\t\t\t<\/div>\n\t\t<\/section>\n\t\t\t\t<\/div>\n\t\t<\/div><div class=\"jet-listing-grid__item jet-listing-dynamic-post-9018\" data-post-id=\"9018\"  >\t\t<div data-elementor-type=\"jet-listing-items\" data-elementor-id=\"9024\" class=\"elementor elementor-9024 elementor-1814\" data-elementor-post-type=\"jet-engine\">\n\t\t\t\t\t\t<section class=\"elementor-section elementor-top-section elementor-element elementor-element-17fff00 elementor-section-boxed elementor-section-height-default elementor-section-height-default\" data-id=\"17fff00\" data-element_type=\"section\">\n\t\t\t\t\t\t<div class=\"elementor-container elementor-column-gap-default\">\n\t\t\t\t\t<div class=\"elementor-column elementor-col-100 elementor-top-column elementor-element elementor-element-b137253\" data-id=\"b137253\" data-element_type=\"column\">\n\t\t\t<div class=\"elementor-widget-wrap elementor-element-populated\">\n\t\t\t\t\t\t<div class=\"elementor-element elementor-element-764ff83 elementor-widget elementor-widget-image\" data-id=\"764ff83\" data-element_type=\"widget\" data-widget_type=\"image.default\">\n\t\t\t\t<div class=\"elementor-widget-container\">\n\t\t\t\t\t\t\t\t\t\t\t\t\t\t\t<img loading=\"lazy\" decoding=\"async\" width=\"342\" height=\"54\" src=\"https:\/\/poolwellness.de\/wp-content\/uploads\/2021\/04\/ISO-Plus-.jpg\" class=\"attachment-large size-large wp-image-7810\" alt=\"\" srcset=\"https:\/\/poolwellness.de\/wp-content\/uploads\/2021\/04\/ISO-Plus-.jpg 342w, https:\/\/poolwellness.de\/wp-content\/uploads\/2021\/04\/ISO-Plus--300x47.jpg 300w\" sizes=\"(max-width: 342px) 100vw, 342px\" \/>\t\t\t\t\t\t\t\t\t\t\t\t\t\t\t<\/div>\n\t\t\t\t<\/div>\n\t\t\t\t<div class=\"elementor-element elementor-element-90d745d bdt-filter-backdrop elementor-widget elementor-widget-jet-listing-dynamic-field\" data-id=\"90d745d\" data-element_type=\"widget\" data-widget_type=\"jet-listing-dynamic-field.default\">\n\t\t\t\t<div class=\"elementor-widget-container\">\n\t\t\t\t\t<div class=\"jet-listing jet-listing-dynamic-field display-inline\"><div class=\"jet-listing-dynamic-field__inline-wrap\"><div class=\"jet-listing-dynamic-field__content\">ISO Plus<\/div><\/div><\/div>\t\t\t\t<\/div>\n\t\t\t\t<\/div>\n\t\t\t\t<div class=\"elementor-element elementor-element-f35c8eb  listing-text-line-height bdt-filter-backdrop elementor-widget elementor-widget-jet-listing-dynamic-field\" data-id=\"f35c8eb\" data-element_type=\"widget\" data-widget_type=\"jet-listing-dynamic-field.default\">\n\t\t\t\t<div class=\"elementor-widget-container\">\n\t\t\t\t\t<div class=\"jet-listing jet-listing-dynamic-field display-inline\"><div class=\"jet-listing-dynamic-field__inline-wrap\"><div class=\"jet-listing-dynamic-field__content\"><p>Die ISO Plus GmbH bietet seit 1974 Systeml\u00f6sungen zum bauphysikalisch sicheren Ausbau von Schwimmhallen. Bauphysikalische Kompetenz und praktische Detail-Kenntnisse speziell im Schwimmbadbereich erm\u00f6glichen uns zu nahezu allen Aufgabenstellungen sichere L\u00f6sungen zu erarbeiten.<br \/>\n<a href=\"http:\/\/www.iso.de\">www.iso.de<\/a><\/p>\n<\/div><\/div><\/div>\t\t\t\t<\/div>\n\t\t\t\t<\/div>\n\t\t\t\t\t<\/div>\n\t\t<\/div>\n\t\t\t\t\t<\/div>\n\t\t<\/section>\n\t\t\t\t<\/div>\n\t\t<\/div><div class=\"jet-listing-grid__item jet-listing-dynamic-post-9015\" data-post-id=\"9015\"  >\t\t<div data-elementor-type=\"jet-listing-items\" data-elementor-id=\"9024\" class=\"elementor elementor-9024 elementor-1814\" data-elementor-post-type=\"jet-engine\">\n\t\t\t\t\t\t<section class=\"elementor-section elementor-top-section elementor-element elementor-element-17fff00 elementor-section-boxed elementor-section-height-default elementor-section-height-default\" data-id=\"17fff00\" data-element_type=\"section\">\n\t\t\t\t\t\t<div class=\"elementor-container elementor-column-gap-default\">\n\t\t\t\t\t<div class=\"elementor-column elementor-col-100 elementor-top-column elementor-element elementor-element-b137253\" data-id=\"b137253\" data-element_type=\"column\">\n\t\t\t<div class=\"elementor-widget-wrap elementor-element-populated\">\n\t\t\t\t\t\t<div class=\"elementor-element elementor-element-764ff83 elementor-widget elementor-widget-image\" data-id=\"764ff83\" data-element_type=\"widget\" data-widget_type=\"image.default\">\n\t\t\t\t<div class=\"elementor-widget-container\">\n\t\t\t\t\t\t\t\t\t\t\t\t\t\t\t<img loading=\"lazy\" decoding=\"async\" width=\"201\" height=\"88\" src=\"https:\/\/poolwellness.de\/wp-content\/uploads\/2021\/04\/Kerana-GmbH-.jpg\" class=\"attachment-large size-large wp-image-7811\" alt=\"\" \/>\t\t\t\t\t\t\t\t\t\t\t\t\t\t\t<\/div>\n\t\t\t\t<\/div>\n\t\t\t\t<div class=\"elementor-element elementor-element-90d745d bdt-filter-backdrop elementor-widget elementor-widget-jet-listing-dynamic-field\" data-id=\"90d745d\" data-element_type=\"widget\" data-widget_type=\"jet-listing-dynamic-field.default\">\n\t\t\t\t<div class=\"elementor-widget-container\">\n\t\t\t\t\t<div class=\"jet-listing jet-listing-dynamic-field display-inline\"><div class=\"jet-listing-dynamic-field__inline-wrap\"><div class=\"jet-listing-dynamic-field__content\">Kerana GmbH<\/div><\/div><\/div>\t\t\t\t<\/div>\n\t\t\t\t<\/div>\n\t\t\t\t<div class=\"elementor-element elementor-element-f35c8eb  listing-text-line-height bdt-filter-backdrop elementor-widget elementor-widget-jet-listing-dynamic-field\" data-id=\"f35c8eb\" data-element_type=\"widget\" data-widget_type=\"jet-listing-dynamic-field.default\">\n\t\t\t\t<div class=\"elementor-widget-container\">\n\t\t\t\t\t<div class=\"jet-listing jet-listing-dynamic-field display-inline\"><div class=\"jet-listing-dynamic-field__inline-wrap\"><div class=\"jet-listing-dynamic-field__content\"><p>Kerana GmbH ist Spezialist f\u00fcr keramische und Natursteinbel\u00e4ge nebst einer Vielzahl von Spezialit\u00e4ten und Dekorationstechniken. F\u00fcr den Wellnessbereich gibt es eine umfangreiche Auswahl von der keramischen Gro\u00dfplatte im perfekten Naturstein-Outfit bis zur individuellen Mosaikmischung \u2013 individuell f\u00fcr nur Ihr Produkt.<br \/>\n<a href=\"http:\/\/www.kerana.de\">www.kerana.de<\/a><\/p>\n<\/div><\/div><\/div>\t\t\t\t<\/div>\n\t\t\t\t<\/div>\n\t\t\t\t\t<\/div>\n\t\t<\/div>\n\t\t\t\t\t<\/div>\n\t\t<\/section>\n\t\t\t\t<\/div>\n\t\t<\/div><\/div><\/div>\t\t\t\t<\/div>\n\t\t\t\t<\/div>\n\t\t\t\t\t<\/div>\n\t\t<\/div>\n\t\t\t\t\t<\/div>\n\t\t<\/section>\n\t\t\t\t<\/div>\n\t\t","protected":false},"excerpt":{"rendered":"<p>Partner Gemeinsam mit folgenden Partnern Unser gemeinsames Ziel ist es, Sie mit faszinierenden Pools, Schwimmb\u00e4dern, Wellnessoasen und Whirlpools zu begeisterten. Villeroy &#038; Boch Die Whirlpools von Villeroy &amp; Boch \u00fcberzeugen durch innovatives Design, langlebige Qualit\u00e4t und unschlagbare Energieeffizienz. Villeroy &amp; Boch verbindet innovative Whirlpool-Technologie mit ansprechendem Design, einer gro\u00dfen Auswahl an \u00e4sthetischen Wannenmodellen und nat\u00fcrlich [&hellip;]<\/p>\n","protected":false},"author":4,"featured_media":0,"parent":8890,"menu_order":0,"comment_status":"closed","ping_status":"closed","template":"","meta":{"footnotes":""},"class_list":["post-8875","page","type-page","status-publish","hentry"],"_links":{"self":[{"href":"https:\/\/poolwellness.de\/en\/wp-json\/wp\/v2\/pages\/8875","targetHints":{"allow":["GET"]}}],"collection":[{"href":"https:\/\/poolwellness.de\/en\/wp-json\/wp\/v2\/pages"}],"about":[{"href":"https:\/\/poolwellness.de\/en\/wp-json\/wp\/v2\/types\/page"}],"author":[{"embeddable":true,"href":"https:\/\/poolwellness.de\/en\/wp-json\/wp\/v2\/users\/4"}],"replies":[{"embeddable":true,"href":"https:\/\/poolwellness.de\/en\/wp-json\/wp\/v2\/comments?post=8875"}],"version-history":[{"count":0,"href":"https:\/\/poolwellness.de\/en\/wp-json\/wp\/v2\/pages\/8875\/revisions"}],"up":[{"embeddable":true,"href":"https:\/\/poolwellness.de\/en\/wp-json\/wp\/v2\/pages\/8890"}],"wp:attachment":[{"href":"https:\/\/poolwellness.de\/en\/wp-json\/wp\/v2\/media?parent=8875"}],"curies":[{"name":"wp","href":"https:\/\/api.w.org\/{rel}","templated":true}]}}