{"id":8877,"date":"2021-03-27T17:21:28","date_gmt":"2021-03-27T17:21:28","guid":{"rendered":"https:\/\/poolwellness.de\/sponsoring\/"},"modified":"2021-03-27T17:21:28","modified_gmt":"2021-03-27T17:21:28","slug":"sponsoring","status":"publish","type":"page","link":"https:\/\/poolwellness.de\/en\/company\/sponsoring\/","title":{"rendered":"Sponsoring"},"content":{"rendered":"\t\t<div data-elementor-type=\"wp-page\" data-elementor-id=\"8877\" class=\"elementor elementor-8877 elementor-23\" data-elementor-post-type=\"page\">\n\t\t\t\t\t\t<section class=\"elementor-section elementor-top-section elementor-element elementor-element-8e3c85a elementor-section-full_width elementor-section-stretched animated-fast elementor-section-height-default elementor-section-height-default elementor-invisible\" data-id=\"8e3c85a\" data-element_type=\"section\" data-settings=\"{&quot;stretch_section&quot;:&quot;section-stretched&quot;,&quot;background_background&quot;:&quot;classic&quot;,&quot;animation&quot;:&quot;fadeIn&quot;}\">\n\t\t\t\t\t\t<div class=\"elementor-container elementor-column-gap-default\">\n\t\t\t\t\t<div class=\"elementor-column elementor-col-100 elementor-top-column elementor-element elementor-element-cfb071e\" data-id=\"cfb071e\" data-element_type=\"column\">\n\t\t\t<div class=\"elementor-widget-wrap elementor-element-populated\">\n\t\t\t\t\t\t<div class=\"elementor-element elementor-element-ac820cd elementor-widget elementor-widget-spacer\" data-id=\"ac820cd\" data-element_type=\"widget\" data-widget_type=\"spacer.default\">\n\t\t\t\t<div class=\"elementor-widget-container\">\n\t\t\t\t\t\t\t<div class=\"elementor-spacer\">\n\t\t\t<div class=\"elementor-spacer-inner\"><\/div>\n\t\t<\/div>\n\t\t\t\t\t\t<\/div>\n\t\t\t\t<\/div>\n\t\t\t\t\t<\/div>\n\t\t<\/div>\n\t\t\t\t\t<\/div>\n\t\t<\/section>\n\t\t\t\t<section class=\"elementor-section elementor-top-section elementor-element elementor-element-013a8ee elementor-section-stretched elementor-section-boxed elementor-section-height-default elementor-section-height-default\" data-id=\"013a8ee\" data-element_type=\"section\" data-settings=\"{&quot;stretch_section&quot;:&quot;section-stretched&quot;,&quot;background_background&quot;:&quot;classic&quot;}\">\n\t\t\t\t\t\t<div class=\"elementor-container elementor-column-gap-default\">\n\t\t\t\t\t<div class=\"elementor-column elementor-col-100 elementor-top-column elementor-element elementor-element-dd57072\" data-id=\"dd57072\" data-element_type=\"column\">\n\t\t\t<div class=\"elementor-widget-wrap elementor-element-populated\">\n\t\t\t\t\t\t<div class=\"elementor-element elementor-element-1482812 elementor-widget elementor-widget-spacer\" data-id=\"1482812\" data-element_type=\"widget\" data-widget_type=\"spacer.default\">\n\t\t\t\t<div class=\"elementor-widget-container\">\n\t\t\t\t\t\t\t<div class=\"elementor-spacer\">\n\t\t\t<div class=\"elementor-spacer-inner\"><\/div>\n\t\t<\/div>\n\t\t\t\t\t\t<\/div>\n\t\t\t\t<\/div>\n\t\t\t\t<div class=\"elementor-element elementor-element-cc62815 elementor-widget elementor-widget-heading\" data-id=\"cc62815\" data-element_type=\"widget\" data-widget_type=\"heading.default\">\n\t\t\t\t<div class=\"elementor-widget-container\">\n\t\t\t\t\t<h1 class=\"elementor-heading-title elementor-size-default\">Sponsoring<\/h1>\t\t\t\t<\/div>\n\t\t\t\t<\/div>\n\t\t\t\t<div class=\"elementor-element elementor-element-62dac01 link-decoration-text-body-only  elementor-widget elementor-widget-text-editor\" data-id=\"62dac01\" data-element_type=\"widget\" data-widget_type=\"text-editor.default\">\n\t\t\t\t<div class=\"elementor-widget-container\">\n\t\t\t\t\t\t\t\t\t<p><strong>WIR SCHAUEN \u00dcBER DEN BECKENRAND HINAUS<\/strong><br \/>So vielseitig und individuell, wie unser Leistungsangebot ist auch unser sportliches Engagement. Wir unterst\u00fctzen seit vielen Jahren Vereine unserer Region, denn gesellschaftliche Verantwortung und soziales Engagement sind ein fester Bestandteil unserer Unternehmensphilosophie.<\/p>\t\t\t\t\t\t\t\t<\/div>\n\t\t\t\t<\/div>\n\t\t\t\t<div class=\"elementor-element elementor-element-8d6551c elementor-widget elementor-widget-spacer\" data-id=\"8d6551c\" data-element_type=\"widget\" data-widget_type=\"spacer.default\">\n\t\t\t\t<div class=\"elementor-widget-container\">\n\t\t\t\t\t\t\t<div class=\"elementor-spacer\">\n\t\t\t<div class=\"elementor-spacer-inner\"><\/div>\n\t\t<\/div>\n\t\t\t\t\t\t<\/div>\n\t\t\t\t<\/div>\n\t\t\t\t\t<\/div>\n\t\t<\/div>\n\t\t\t\t\t<\/div>\n\t\t<\/section>\n\t\t\t\t<section class=\"elementor-section elementor-top-section elementor-element elementor-element-838d0bf sc-sponsoring elementor-section-boxed elementor-section-height-default elementor-section-height-default\" data-id=\"838d0bf\" data-element_type=\"section\">\n\t\t\t\t\t\t<div class=\"elementor-container elementor-column-gap-default\">\n\t\t\t\t\t<div class=\"elementor-column elementor-col-100 elementor-top-column elementor-element elementor-element-37c9582\" data-id=\"37c9582\" data-element_type=\"column\">\n\t\t\t<div class=\"elementor-widget-wrap elementor-element-populated\">\n\t\t\t\t\t\t<div class=\"elementor-element elementor-element-eead9cb bdt-filter-backdrop elementor-widget elementor-widget-jet-listing-grid\" data-id=\"eead9cb\" data-element_type=\"widget\" data-settings=\"{&quot;columns&quot;:3,&quot;columns_tablet&quot;:&quot;2&quot;,&quot;columns_mobile&quot;:&quot;1&quot;}\" data-widget_type=\"jet-listing-grid.default\">\n\t\t\t\t<div class=\"elementor-widget-container\">\n\t\t\t\t\t<div class=\"jet-listing-grid jet-listing\"><div class=\"jet-listing-grid__items grid-col-desk-3 grid-col-tablet-2 grid-col-mobile-1 jet-listing-grid--1780 jet-listing-grid__masonry\" data-masonry-grid-options=\"{&quot;columns&quot;:{&quot;desktop&quot;:3,&quot;tablet&quot;:2,&quot;mobile&quot;:1}}\" data-queried-id=\"8877|WP_Post\" data-nav=\"{&quot;enabled&quot;:false,&quot;type&quot;:null,&quot;more_el&quot;:null,&quot;query&quot;:[],&quot;widget_settings&quot;:{&quot;lisitng_id&quot;:1780,&quot;posts_num&quot;:15,&quot;columns&quot;:3,&quot;columns_tablet&quot;:2,&quot;columns_mobile&quot;:1,&quot;column_min_width&quot;:240,&quot;column_min_width_tablet&quot;:240,&quot;column_min_width_mobile&quot;:240,&quot;inline_columns_css&quot;:false,&quot;is_archive_template&quot;:&quot;&quot;,&quot;post_status&quot;:[&quot;publish&quot;],&quot;use_random_posts_num&quot;:&quot;&quot;,&quot;max_posts_num&quot;:15,&quot;not_found_message&quot;:&quot;No data was found&quot;,&quot;is_masonry&quot;:true,&quot;equal_columns_height&quot;:&quot;&quot;,&quot;use_load_more&quot;:&quot;&quot;,&quot;load_more_id&quot;:&quot;load_more&quot;,&quot;load_more_type&quot;:&quot;click&quot;,&quot;load_more_offset&quot;:{&quot;unit&quot;:&quot;px&quot;,&quot;size&quot;:0,&quot;sizes&quot;:[]},&quot;use_custom_post_types&quot;:&quot;&quot;,&quot;custom_post_types&quot;:[],&quot;hide_widget_if&quot;:&quot;&quot;,&quot;carousel_enabled&quot;:&quot;&quot;,&quot;slides_to_scroll&quot;:&quot;1&quot;,&quot;arrows&quot;:&quot;true&quot;,&quot;arrow_icon&quot;:&quot;fa fa-long-arrow-left&quot;,&quot;dots&quot;:&quot;true&quot;,&quot;autoplay&quot;:&quot;true&quot;,&quot;pause_on_hover&quot;:&quot;true&quot;,&quot;autoplay_speed&quot;:5000,&quot;infinite&quot;:&quot;true&quot;,&quot;center_mode&quot;:&quot;&quot;,&quot;effect&quot;:&quot;slide&quot;,&quot;speed&quot;:500,&quot;inject_alternative_items&quot;:&quot;&quot;,&quot;injection_items&quot;:[],&quot;scroll_slider_enabled&quot;:&quot;&quot;,&quot;scroll_slider_on&quot;:[&quot;desktop&quot;,&quot;tablet&quot;,&quot;mobile&quot;],&quot;custom_query&quot;:false,&quot;custom_query_id&quot;:&quot;&quot;,&quot;_element_id&quot;:&quot;&quot;,&quot;collapse_first_last_gap&quot;:false,&quot;list_tag_selection&quot;:&quot;&quot;,&quot;list_items_wrapper_tag&quot;:&quot;div&quot;,&quot;list_item_tag&quot;:&quot;div&quot;,&quot;empty_items_wrapper_tag&quot;:&quot;div&quot;}}\" data-page=\"1\" data-pages=\"1\" data-listing-source=\"posts\" data-listing-id=\"1780\" data-query-id=\"\"><div class=\"jet-listing-grid__item jet-listing-dynamic-post-9013\" data-post-id=\"9013\"  >\t\t<div data-elementor-type=\"jet-listing-items\" data-elementor-id=\"9025\" class=\"elementor elementor-9025 elementor-1780\" data-elementor-post-type=\"jet-engine\">\n\t\t\t\t\t\t<section class=\"elementor-section elementor-top-section elementor-element elementor-element-17fff00 elementor-section-boxed elementor-section-height-default elementor-section-height-default\" data-id=\"17fff00\" data-element_type=\"section\">\n\t\t\t\t\t\t<div class=\"elementor-container elementor-column-gap-default\">\n\t\t\t\t\t<div class=\"elementor-column elementor-col-100 elementor-top-column elementor-element elementor-element-b137253\" data-id=\"b137253\" data-element_type=\"column\">\n\t\t\t<div class=\"elementor-widget-wrap elementor-element-populated\">\n\t\t\t\t\t\t<div class=\"elementor-element elementor-element-764ff83 elementor-widget elementor-widget-image\" data-id=\"764ff83\" data-element_type=\"widget\" data-widget_type=\"image.default\">\n\t\t\t\t<div class=\"elementor-widget-container\">\n\t\t\t\t\t\t\t\t\t\t\t\t\t\t\t<img decoding=\"async\" width=\"132\" height=\"94\" src=\"https:\/\/poolwellness.de\/wp-content\/uploads\/2021\/04\/Fc-Union.jpg\" class=\"attachment-large size-large wp-image-7800\" alt=\"\" \/>\t\t\t\t\t\t\t\t\t\t\t\t\t\t\t<\/div>\n\t\t\t\t<\/div>\n\t\t\t\t<div class=\"elementor-element elementor-element-90d745d bdt-filter-backdrop elementor-widget elementor-widget-jet-listing-dynamic-field\" data-id=\"90d745d\" data-element_type=\"widget\" data-widget_type=\"jet-listing-dynamic-field.default\">\n\t\t\t\t<div class=\"elementor-widget-container\">\n\t\t\t\t\t<div class=\"jet-listing jet-listing-dynamic-field display-inline\"><div class=\"jet-listing-dynamic-field__inline-wrap\"><div class=\"jet-listing-dynamic-field__content\">1. FC UNION BERLIN<\/div><\/div><\/div>\t\t\t\t<\/div>\n\t\t\t\t<\/div>\n\t\t\t\t<div class=\"elementor-element elementor-element-f35c8eb  listing-text-line-height bdt-filter-backdrop elementor-widget elementor-widget-jet-listing-dynamic-field\" data-id=\"f35c8eb\" data-element_type=\"widget\" data-widget_type=\"jet-listing-dynamic-field.default\">\n\t\t\t\t<div class=\"elementor-widget-container\">\n\t\t\t\t\t<div class=\"jet-listing jet-listing-dynamic-field display-inline\"><div class=\"jet-listing-dynamic-field__inline-wrap\"><div class=\"jet-listing-dynamic-field__content\"><p>Den zweitgr\u00f6\u00dften Sportverein Berlins und stolzen Vertreter in der 1. Bundesliga unterst\u00fctzen wir seit 2011 als \u201eEisernen Sponsor\u201c.<br \/>\n<a href=\"http:\/\/www.fc-union-berlin.de\/\">www.fc-union-berlin.de<\/a><\/p>\n<\/div><\/div><\/div>\t\t\t\t<\/div>\n\t\t\t\t<\/div>\n\t\t\t\t\t<\/div>\n\t\t<\/div>\n\t\t\t\t\t<\/div>\n\t\t<\/section>\n\t\t\t\t<\/div>\n\t\t<\/div><div class=\"jet-listing-grid__item jet-listing-dynamic-post-9012\" data-post-id=\"9012\"  >\t\t<div data-elementor-type=\"jet-listing-items\" data-elementor-id=\"9025\" class=\"elementor elementor-9025 elementor-1780\" data-elementor-post-type=\"jet-engine\">\n\t\t\t\t\t\t<section class=\"elementor-section elementor-top-section elementor-element elementor-element-17fff00 elementor-section-boxed elementor-section-height-default elementor-section-height-default\" data-id=\"17fff00\" data-element_type=\"section\">\n\t\t\t\t\t\t<div class=\"elementor-container elementor-column-gap-default\">\n\t\t\t\t\t<div class=\"elementor-column elementor-col-100 elementor-top-column elementor-element elementor-element-b137253\" data-id=\"b137253\" data-element_type=\"column\">\n\t\t\t<div class=\"elementor-widget-wrap elementor-element-populated\">\n\t\t\t\t\t\t<div class=\"elementor-element elementor-element-764ff83 elementor-widget elementor-widget-image\" data-id=\"764ff83\" data-element_type=\"widget\" data-widget_type=\"image.default\">\n\t\t\t\t<div class=\"elementor-widget-container\">\n\t\t\t\t\t\t\t\t\t\t\t\t\t\t\t<img decoding=\"async\" width=\"225\" height=\"124\" src=\"https:\/\/poolwellness.de\/wp-content\/uploads\/2021\/04\/REITREVIER-MUNCHEHOFE.png\" class=\"attachment-large size-large wp-image-7803\" alt=\"\" \/>\t\t\t\t\t\t\t\t\t\t\t\t\t\t\t<\/div>\n\t\t\t\t<\/div>\n\t\t\t\t<div class=\"elementor-element elementor-element-90d745d bdt-filter-backdrop elementor-widget elementor-widget-jet-listing-dynamic-field\" data-id=\"90d745d\" data-element_type=\"widget\" data-widget_type=\"jet-listing-dynamic-field.default\">\n\t\t\t\t<div class=\"elementor-widget-container\">\n\t\t\t\t\t<div class=\"jet-listing jet-listing-dynamic-field display-inline\"><div class=\"jet-listing-dynamic-field__inline-wrap\"><div class=\"jet-listing-dynamic-field__content\">REITREVIER M\u00dcNCHEHOFE<\/div><\/div><\/div>\t\t\t\t<\/div>\n\t\t\t\t<\/div>\n\t\t\t\t<div class=\"elementor-element elementor-element-f35c8eb  listing-text-line-height bdt-filter-backdrop elementor-widget elementor-widget-jet-listing-dynamic-field\" data-id=\"f35c8eb\" data-element_type=\"widget\" data-widget_type=\"jet-listing-dynamic-field.default\">\n\t\t\t\t<div class=\"elementor-widget-container\">\n\t\t\t\t\t<div class=\"jet-listing jet-listing-dynamic-field display-inline\"><div class=\"jet-listing-dynamic-field__inline-wrap\"><div class=\"jet-listing-dynamic-field__content\"><p>Als langj\u00e4hriger Partner des Reitvereins M\u00fcnchehofe f\u00f6rdern wir das Kinder- und Jugendprogramm. Hier lernen Kinder spielerisch den verantwortungsvollen Umgang mit Tieren und der Natur.<br \/>\n<a href=\"http:\/\/www.reitrevier.de\/\">www.reitrevier.de<\/a><\/p>\n<\/div><\/div><\/div>\t\t\t\t<\/div>\n\t\t\t\t<\/div>\n\t\t\t\t\t<\/div>\n\t\t<\/div>\n\t\t\t\t\t<\/div>\n\t\t<\/section>\n\t\t\t\t<\/div>\n\t\t<\/div><div class=\"jet-listing-grid__item jet-listing-dynamic-post-9011\" data-post-id=\"9011\"  >\t\t<div data-elementor-type=\"jet-listing-items\" data-elementor-id=\"9025\" class=\"elementor elementor-9025 elementor-1780\" data-elementor-post-type=\"jet-engine\">\n\t\t\t\t\t\t<section class=\"elementor-section elementor-top-section elementor-element elementor-element-17fff00 elementor-section-boxed elementor-section-height-default elementor-section-height-default\" data-id=\"17fff00\" data-element_type=\"section\">\n\t\t\t\t\t\t<div class=\"elementor-container elementor-column-gap-default\">\n\t\t\t\t\t<div class=\"elementor-column elementor-col-100 elementor-top-column elementor-element elementor-element-b137253\" data-id=\"b137253\" data-element_type=\"column\">\n\t\t\t<div class=\"elementor-widget-wrap elementor-element-populated\">\n\t\t\t\t\t\t<div class=\"elementor-element elementor-element-764ff83 elementor-widget elementor-widget-image\" data-id=\"764ff83\" data-element_type=\"widget\" data-widget_type=\"image.default\">\n\t\t\t\t<div class=\"elementor-widget-container\">\n\t\t\t\t\t\t\t\t\t\t\t\t\t\t\t<img decoding=\"async\" width=\"130\" height=\"114\" src=\"https:\/\/poolwellness.de\/wp-content\/uploads\/2021\/04\/BEACH-POLO-AN-DER-OSTSEE.png\" class=\"attachment-large size-large wp-image-7799\" alt=\"\" \/>\t\t\t\t\t\t\t\t\t\t\t\t\t\t\t<\/div>\n\t\t\t\t<\/div>\n\t\t\t\t<div class=\"elementor-element elementor-element-90d745d bdt-filter-backdrop elementor-widget elementor-widget-jet-listing-dynamic-field\" data-id=\"90d745d\" data-element_type=\"widget\" data-widget_type=\"jet-listing-dynamic-field.default\">\n\t\t\t\t<div class=\"elementor-widget-container\">\n\t\t\t\t\t<div class=\"jet-listing jet-listing-dynamic-field display-inline\"><div class=\"jet-listing-dynamic-field__inline-wrap\"><div class=\"jet-listing-dynamic-field__content\">BEACH POLO AN DER OSTSEE<\/div><\/div><\/div>\t\t\t\t<\/div>\n\t\t\t\t<\/div>\n\t\t\t\t<div class=\"elementor-element elementor-element-f35c8eb  listing-text-line-height bdt-filter-backdrop elementor-widget elementor-widget-jet-listing-dynamic-field\" data-id=\"f35c8eb\" data-element_type=\"widget\" data-widget_type=\"jet-listing-dynamic-field.default\">\n\t\t\t\t<div class=\"elementor-widget-container\">\n\t\t\t\t\t<div class=\"jet-listing jet-listing-dynamic-field display-inline\"><div class=\"jet-listing-dynamic-field__inline-wrap\"><div class=\"jet-listing-dynamic-field__content\"><p>Galoppierende Pferde im wei\u00dfen Ostseesand. Vor einer herrlichen Kulisse finden regelm\u00e4\u00dfig spannende Beach Polo Events statt, die wir als Sponsor unterst\u00fctzen, damit sie einem breitem Publikum zug\u00e4nglich sind.<br \/>\n<a href=\"http:\/\/www.polo-riviera-deutschland.com\/\">www.polo-riviera-deutschland.com<\/a><\/p>\n<\/div><\/div><\/div>\t\t\t\t<\/div>\n\t\t\t\t<\/div>\n\t\t\t\t\t<\/div>\n\t\t<\/div>\n\t\t\t\t\t<\/div>\n\t\t<\/section>\n\t\t\t\t<\/div>\n\t\t<\/div><div class=\"jet-listing-grid__item jet-listing-dynamic-post-9010\" data-post-id=\"9010\"  >\t\t<div data-elementor-type=\"jet-listing-items\" data-elementor-id=\"9025\" class=\"elementor elementor-9025 elementor-1780\" data-elementor-post-type=\"jet-engine\">\n\t\t\t\t\t\t<section class=\"elementor-section elementor-top-section elementor-element elementor-element-17fff00 elementor-section-boxed elementor-section-height-default elementor-section-height-default\" data-id=\"17fff00\" data-element_type=\"section\">\n\t\t\t\t\t\t<div class=\"elementor-container elementor-column-gap-default\">\n\t\t\t\t\t<div class=\"elementor-column elementor-col-100 elementor-top-column elementor-element elementor-element-b137253\" data-id=\"b137253\" data-element_type=\"column\">\n\t\t\t<div class=\"elementor-widget-wrap elementor-element-populated\">\n\t\t\t\t\t\t<div class=\"elementor-element elementor-element-764ff83 elementor-widget elementor-widget-image\" data-id=\"764ff83\" data-element_type=\"widget\" data-widget_type=\"image.default\">\n\t\t\t\t<div class=\"elementor-widget-container\">\n\t\t\t\t\t\t\t\t\t\t\t\t\t\t\t<img loading=\"lazy\" decoding=\"async\" width=\"171\" height=\"62\" src=\"https:\/\/poolwellness.de\/wp-content\/uploads\/2021\/04\/RADSPORT-IN-BRANDENBURG.png\" class=\"attachment-large size-large wp-image-7802\" alt=\"\" \/>\t\t\t\t\t\t\t\t\t\t\t\t\t\t\t<\/div>\n\t\t\t\t<\/div>\n\t\t\t\t<div class=\"elementor-element elementor-element-90d745d bdt-filter-backdrop elementor-widget elementor-widget-jet-listing-dynamic-field\" data-id=\"90d745d\" data-element_type=\"widget\" data-widget_type=\"jet-listing-dynamic-field.default\">\n\t\t\t\t<div class=\"elementor-widget-container\">\n\t\t\t\t\t<div class=\"jet-listing jet-listing-dynamic-field display-inline\"><div class=\"jet-listing-dynamic-field__inline-wrap\"><div class=\"jet-listing-dynamic-field__content\">RADSPORT IN BRANDENBURG<\/div><\/div><\/div>\t\t\t\t<\/div>\n\t\t\t\t<\/div>\n\t\t\t\t<div class=\"elementor-element elementor-element-f35c8eb  listing-text-line-height bdt-filter-backdrop elementor-widget elementor-widget-jet-listing-dynamic-field\" data-id=\"f35c8eb\" data-element_type=\"widget\" data-widget_type=\"jet-listing-dynamic-field.default\">\n\t\t\t\t<div class=\"elementor-widget-container\">\n\t\t\t\t\t<div class=\"jet-listing jet-listing-dynamic-field display-inline\"><div class=\"jet-listing-dynamic-field__inline-wrap\"><div class=\"jet-listing-dynamic-field__content\"><p>Als Sponsor des Brandenburgischen Radsportverbandes unterst\u00fctzen wir kontinuierlich den Breiten-und Spitzensport. Der Radsportverband bietet Jung und Alt ein umfassendes Angebot rund um Zweir\u00e4der.<br \/>\n<a href=\"http:\/\/www.brv-brandenburg.de\/\">www.brv-brandenburg.de<\/a><\/p>\n<\/div><\/div><\/div>\t\t\t\t<\/div>\n\t\t\t\t<\/div>\n\t\t\t\t\t<\/div>\n\t\t<\/div>\n\t\t\t\t\t<\/div>\n\t\t<\/section>\n\t\t\t\t<\/div>\n\t\t<\/div><div class=\"jet-listing-grid__item jet-listing-dynamic-post-9009\" data-post-id=\"9009\"  >\t\t<div data-elementor-type=\"jet-listing-items\" data-elementor-id=\"9025\" class=\"elementor elementor-9025 elementor-1780\" data-elementor-post-type=\"jet-engine\">\n\t\t\t\t\t\t<section class=\"elementor-section elementor-top-section elementor-element elementor-element-17fff00 elementor-section-boxed elementor-section-height-default elementor-section-height-default\" data-id=\"17fff00\" data-element_type=\"section\">\n\t\t\t\t\t\t<div class=\"elementor-container elementor-column-gap-default\">\n\t\t\t\t\t<div class=\"elementor-column elementor-col-100 elementor-top-column elementor-element elementor-element-b137253\" data-id=\"b137253\" data-element_type=\"column\">\n\t\t\t<div class=\"elementor-widget-wrap elementor-element-populated\">\n\t\t\t\t\t\t<div class=\"elementor-element elementor-element-764ff83 elementor-widget elementor-widget-image\" data-id=\"764ff83\" data-element_type=\"widget\" data-widget_type=\"image.default\">\n\t\t\t\t<div class=\"elementor-widget-container\">\n\t\t\t\t\t\t\t\t\t\t\t\t\t\t\t<img loading=\"lazy\" decoding=\"async\" width=\"158\" height=\"67\" src=\"https:\/\/poolwellness.de\/wp-content\/uploads\/2021\/04\/STANJEK-SAILING-CUP.png\" class=\"attachment-large size-large wp-image-7805\" alt=\"\" \/>\t\t\t\t\t\t\t\t\t\t\t\t\t\t\t<\/div>\n\t\t\t\t<\/div>\n\t\t\t\t<div class=\"elementor-element elementor-element-90d745d bdt-filter-backdrop elementor-widget elementor-widget-jet-listing-dynamic-field\" data-id=\"90d745d\" data-element_type=\"widget\" data-widget_type=\"jet-listing-dynamic-field.default\">\n\t\t\t\t<div class=\"elementor-widget-container\">\n\t\t\t\t\t<div class=\"jet-listing jet-listing-dynamic-field display-inline\"><div class=\"jet-listing-dynamic-field__inline-wrap\"><div class=\"jet-listing-dynamic-field__content\">STANJEK SAILING CUP<\/div><\/div><\/div>\t\t\t\t<\/div>\n\t\t\t\t<\/div>\n\t\t\t\t<div class=\"elementor-element elementor-element-f35c8eb  listing-text-line-height bdt-filter-backdrop elementor-widget elementor-widget-jet-listing-dynamic-field\" data-id=\"f35c8eb\" data-element_type=\"widget\" data-widget_type=\"jet-listing-dynamic-field.default\">\n\t\t\t\t<div class=\"elementor-widget-container\">\n\t\t\t\t\t<div class=\"jet-listing jet-listing-dynamic-field display-inline\"><div class=\"jet-listing-dynamic-field__inline-wrap\"><div class=\"jet-listing-dynamic-field__content\"><p>Als einer der erfolgreichsten Segler Deutschlands f\u00f6rdert der Olympiateilnehmer Robert Stanjek Kinder und Jungendliche, die sich f\u00fcr den Segelsport begeistern und unsere Leidenschaft f\u00fcr Wasser teilen. Wir unterst\u00fctzen dieses Engagement und die j\u00e4hrliche Wettfahrt \u00fcber den M\u00fcggelsee.<br \/>\n<a href=\"http:\/\/www.stanjek-sailing.de\/\">www.stanjek-sailing.de<\/a><\/p>\n<\/div><\/div><\/div>\t\t\t\t<\/div>\n\t\t\t\t<\/div>\n\t\t\t\t\t<\/div>\n\t\t<\/div>\n\t\t\t\t\t<\/div>\n\t\t<\/section>\n\t\t\t\t<\/div>\n\t\t<\/div><div class=\"jet-listing-grid__item jet-listing-dynamic-post-9008\" data-post-id=\"9008\"  >\t\t<div data-elementor-type=\"jet-listing-items\" data-elementor-id=\"9025\" class=\"elementor elementor-9025 elementor-1780\" data-elementor-post-type=\"jet-engine\">\n\t\t\t\t\t\t<section class=\"elementor-section elementor-top-section elementor-element elementor-element-17fff00 elementor-section-boxed elementor-section-height-default elementor-section-height-default\" data-id=\"17fff00\" data-element_type=\"section\">\n\t\t\t\t\t\t<div class=\"elementor-container elementor-column-gap-default\">\n\t\t\t\t\t<div class=\"elementor-column elementor-col-100 elementor-top-column elementor-element elementor-element-b137253\" data-id=\"b137253\" data-element_type=\"column\">\n\t\t\t<div class=\"elementor-widget-wrap elementor-element-populated\">\n\t\t\t\t\t\t<div class=\"elementor-element elementor-element-764ff83 elementor-widget elementor-widget-image\" data-id=\"764ff83\" data-element_type=\"widget\" data-widget_type=\"image.default\">\n\t\t\t\t<div class=\"elementor-widget-container\">\n\t\t\t\t\t\t\t\t\t\t\t\t\t\t\t<img loading=\"lazy\" decoding=\"async\" width=\"500\" height=\"500\" src=\"https:\/\/poolwellness.de\/wp-content\/uploads\/2021\/05\/SC-ARGO_LOGO.png\" class=\"attachment-large size-large wp-image-8863\" alt=\"\" srcset=\"https:\/\/poolwellness.de\/wp-content\/uploads\/2021\/05\/SC-ARGO_LOGO.png 500w, https:\/\/poolwellness.de\/wp-content\/uploads\/2021\/05\/SC-ARGO_LOGO-300x300.png 300w, https:\/\/poolwellness.de\/wp-content\/uploads\/2021\/05\/SC-ARGO_LOGO-150x150.png 150w, https:\/\/poolwellness.de\/wp-content\/uploads\/2021\/05\/SC-ARGO_LOGO-230x230.png 230w, https:\/\/poolwellness.de\/wp-content\/uploads\/2021\/05\/SC-ARGO_LOGO-400x400.png 400w\" sizes=\"(max-width: 500px) 100vw, 500px\" \/>\t\t\t\t\t\t\t\t\t\t\t\t\t\t\t<\/div>\n\t\t\t\t<\/div>\n\t\t\t\t<div class=\"elementor-element elementor-element-90d745d bdt-filter-backdrop elementor-widget elementor-widget-jet-listing-dynamic-field\" data-id=\"90d745d\" data-element_type=\"widget\" data-widget_type=\"jet-listing-dynamic-field.default\">\n\t\t\t\t<div class=\"elementor-widget-container\">\n\t\t\t\t\t<div class=\"jet-listing jet-listing-dynamic-field display-inline\"><div class=\"jet-listing-dynamic-field__inline-wrap\"><div class=\"jet-listing-dynamic-field__content\">SC Argo 1909 e. V.<\/div><\/div><\/div>\t\t\t\t<\/div>\n\t\t\t\t<\/div>\n\t\t\t\t<div class=\"elementor-element elementor-element-f35c8eb  listing-text-line-height bdt-filter-backdrop elementor-widget elementor-widget-jet-listing-dynamic-field\" data-id=\"f35c8eb\" data-element_type=\"widget\" data-widget_type=\"jet-listing-dynamic-field.default\">\n\t\t\t\t<div class=\"elementor-widget-container\">\n\t\t\t\t\t<div class=\"jet-listing jet-listing-dynamic-field display-inline\"><div class=\"jet-listing-dynamic-field__inline-wrap\"><div class=\"jet-listing-dynamic-field__content\"><p>Der Segel-Club Argo e.V. wurde 1909 gegr\u00fcndet und ist Mitglied im Deutschen Segler-Verband e.V. und im Berliner Segler-Verband. Wir haben f\u00fcr den Verein ein besonderes Herz f\u00fcr den Nachwuchs und unterst\u00fctzen den allj\u00e4hrlichen Zeuthener Opticup.<br \/>\n<a href=\"http:\/\/sc-argo.de\/\">http:\/\/sc-argo.de\/<\/a><\/p>\n<\/div><\/div><\/div>\t\t\t\t<\/div>\n\t\t\t\t<\/div>\n\t\t\t\t\t<\/div>\n\t\t<\/div>\n\t\t\t\t\t<\/div>\n\t\t<\/section>\n\t\t\t\t<\/div>\n\t\t<\/div><\/div><\/div>\t\t\t\t<\/div>\n\t\t\t\t<\/div>\n\t\t\t\t\t<\/div>\n\t\t<\/div>\n\t\t\t\t\t<\/div>\n\t\t<\/section>\n\t\t\t\t<\/div>\n\t\t","protected":false},"excerpt":{"rendered":"<p>Sponsoring WIR SCHAUEN \u00dcBER DEN BECKENRAND HINAUSSo vielseitig und individuell, wie unser Leistungsangebot ist auch unser sportliches Engagement. Wir unterst\u00fctzen seit vielen Jahren Vereine unserer Region, denn gesellschaftliche Verantwortung und soziales Engagement sind ein fester Bestandteil unserer Unternehmensphilosophie. 1. FC UNION BERLIN Den zweitgr\u00f6\u00dften Sportverein Berlins und stolzen Vertreter in der 1. Bundesliga unterst\u00fctzen wir [&hellip;]<\/p>\n","protected":false},"author":4,"featured_media":0,"parent":8890,"menu_order":0,"comment_status":"closed","ping_status":"closed","template":"","meta":{"footnotes":""},"class_list":["post-8877","page","type-page","status-publish","hentry"],"_links":{"self":[{"href":"https:\/\/poolwellness.de\/en\/wp-json\/wp\/v2\/pages\/8877","targetHints":{"allow":["GET"]}}],"collection":[{"href":"https:\/\/poolwellness.de\/en\/wp-json\/wp\/v2\/pages"}],"about":[{"href":"https:\/\/poolwellness.de\/en\/wp-json\/wp\/v2\/types\/page"}],"author":[{"embeddable":true,"href":"https:\/\/poolwellness.de\/en\/wp-json\/wp\/v2\/users\/4"}],"replies":[{"embeddable":true,"href":"https:\/\/poolwellness.de\/en\/wp-json\/wp\/v2\/comments?post=8877"}],"version-history":[{"count":0,"href":"https:\/\/poolwellness.de\/en\/wp-json\/wp\/v2\/pages\/8877\/revisions"}],"up":[{"embeddable":true,"href":"https:\/\/poolwellness.de\/en\/wp-json\/wp\/v2\/pages\/8890"}],"wp:attachment":[{"href":"https:\/\/poolwellness.de\/en\/wp-json\/wp\/v2\/media?parent=8877"}],"curies":[{"name":"wp","href":"https:\/\/api.w.org\/{rel}","templated":true}]}}