{"id":8879,"date":"2021-03-27T17:21:28","date_gmt":"2021-03-27T16:21:28","guid":{"rendered":"https:\/\/poolwellness.de\/uber-uns\/"},"modified":"2021-06-06T11:30:30","modified_gmt":"2021-06-06T10:30:30","slug":"about-us","status":"publish","type":"page","link":"https:\/\/poolwellness.de\/en\/company\/about-us\/","title":{"rendered":"About Us"},"content":{"rendered":"\t\t<div data-elementor-type=\"wp-page\" data-elementor-id=\"8879\" class=\"elementor elementor-8879 elementor-25\" data-elementor-post-type=\"page\">\n\t\t\t\t\t\t<section class=\"elementor-section elementor-top-section elementor-element elementor-element-249723c elementor-section-full_width elementor-section-stretched animated-fast elementor-section-height-default elementor-section-height-default elementor-invisible\" data-id=\"249723c\" data-element_type=\"section\" data-settings=\"{&quot;stretch_section&quot;:&quot;section-stretched&quot;,&quot;background_background&quot;:&quot;classic&quot;,&quot;animation&quot;:&quot;fadeIn&quot;}\">\n\t\t\t\t\t\t<div class=\"elementor-container elementor-column-gap-default\">\n\t\t\t\t\t<div class=\"elementor-column elementor-col-100 elementor-top-column elementor-element elementor-element-e3f23df\" data-id=\"e3f23df\" data-element_type=\"column\">\n\t\t\t<div class=\"elementor-widget-wrap elementor-element-populated\">\n\t\t\t\t\t\t<div class=\"elementor-element elementor-element-7c1e9d7 elementor-widget elementor-widget-spacer\" data-id=\"7c1e9d7\" data-element_type=\"widget\" data-widget_type=\"spacer.default\">\n\t\t\t\t<div class=\"elementor-widget-container\">\n\t\t\t\t\t\t\t<div class=\"elementor-spacer\">\n\t\t\t<div class=\"elementor-spacer-inner\"><\/div>\n\t\t<\/div>\n\t\t\t\t\t\t<\/div>\n\t\t\t\t<\/div>\n\t\t\t\t\t<\/div>\n\t\t<\/div>\n\t\t\t\t\t<\/div>\n\t\t<\/section>\n\t\t\t\t<section class=\"elementor-section elementor-top-section elementor-element elementor-element-2e859943 elementor-section-stretched elementor-section-boxed elementor-section-height-default elementor-section-height-default\" data-id=\"2e859943\" data-element_type=\"section\" data-settings=\"{&quot;stretch_section&quot;:&quot;section-stretched&quot;,&quot;background_background&quot;:&quot;classic&quot;}\">\n\t\t\t\t\t\t<div class=\"elementor-container elementor-column-gap-default\">\n\t\t\t\t\t<div class=\"elementor-column elementor-col-100 elementor-top-column elementor-element elementor-element-39a21767\" data-id=\"39a21767\" data-element_type=\"column\">\n\t\t\t<div class=\"elementor-widget-wrap elementor-element-populated\">\n\t\t\t\t\t\t<div class=\"elementor-element elementor-element-30c4310a elementor-widget elementor-widget-spacer\" data-id=\"30c4310a\" data-element_type=\"widget\" data-widget_type=\"spacer.default\">\n\t\t\t\t<div class=\"elementor-widget-container\">\n\t\t\t\t\t\t\t<div class=\"elementor-spacer\">\n\t\t\t<div class=\"elementor-spacer-inner\"><\/div>\n\t\t<\/div>\n\t\t\t\t\t\t<\/div>\n\t\t\t\t<\/div>\n\t\t\t\t<div class=\"elementor-element elementor-element-d9b9c1d elementor-widget elementor-widget-heading\" data-id=\"d9b9c1d\" data-element_type=\"widget\" data-widget_type=\"heading.default\">\n\t\t\t\t<div class=\"elementor-widget-container\">\n\t\t\t\t\t<h1 class=\"elementor-heading-title elementor-size-default\">\u00dcber uns<\/h1>\t\t\t\t<\/div>\n\t\t\t\t<\/div>\n\t\t\t\t<div class=\"elementor-element elementor-element-3f04376d link-decoration-text-body-only  elementor-widget elementor-widget-text-editor\" data-id=\"3f04376d\" data-element_type=\"widget\" data-widget_type=\"text-editor.default\">\n\t\t\t\t<div class=\"elementor-widget-container\">\n\t\t\t\t\t\t\t\t\t<p><b>UNSERE ST\u00c4RKE: IHR UNVERF\u00c4LSCHTER BADESPASS<\/b><\/p><p>Als Poolbauer ist die Planung und Realisierung von Schwimmb\u00e4dern und Wellnessanlagen im privaten und \u00f6ffentlichen Bereich sind unser Kerngesch\u00e4ft. Dabei ist der Einsatz einer qualit\u00e4tsgerechten, hochwertigen Wasseraufbereitung ebenso selbstverst\u00e4ndlich wie eine durchdachte Klima- und L\u00fcftungstechnik. Auch die Energieversorgung, W\u00e4rmed\u00e4mmung und Feuchteisolierung haben wir fest im Blick und legen dabei gro\u00dfen Wert auf Umweltfreundlichkeit und \u00d6konomie. Das Ergebnis wird Sie begeistern \u2013 \u00fcber Jahre, jeden Tag.<\/p><p><b>DAS K\u00dcHNE POOL &amp; WELLNESS-TEAM<\/b><br \/>Mit unseren 30 Mitarbeitern errichten wir deutschlandweit und international hochwertige Pools im Innen- und Au\u00dfenbereich, im Garten sowie auf Dachterrassen. Pools sind unsere Leidenschaft. Nichts ist unm\u00f6glich! Noch immer ist jedes Projekt ein Unikat und so besonders wie seine Bauherren. Unser Team macht das Exklusive m\u00f6glich: unsere erfahrenen Monteure, Architekten, Ingenieure, Projektplaner und Verk\u00e4ufer. Unsere technische Fachplaner erstellen ihr Projekt in 2D- und 3D-Zeichnungen.<\/p><p><b>GERNE HELFEN WIR IHNEN<\/b><br \/>Das werden wir Ihnen entgegnen, wenn Sie uns von Ihrem geplanten Schwimmbad- oder Wellnessprojekt berichten. Mit einer gr\u00fcndlichen Beratung, einer umsichtigen Planung, einem geschulten Blick f\u00fcr\u2019s Machbare und unserer langj\u00e4hrigen Erfahrung stehen wir Ihnen mit Rat und Tat zur Seite. Wir sorgen daf\u00fcr, dass sich Ihre individuellen W\u00fcnsche mit den gegebenen architektonischen Bedingungen im harmonischen Einklang befinden.<\/p><p><b>KENNTNISREICH VON ANFANG AN<\/b><br \/>Wir unterst\u00fctzen Architekten, Ingenieurb\u00fcros und Bauherren bei dem Ausbau der Bauh\u00fclle und bei der technischen Planung. Dabei legen wir allergr\u00f6\u00dften Wert auf eine fachgerechte Beratung und eine fundierte Planung. Denn diese beiden Leistungen sind der Grundbaustein f\u00fcr eine professionelle Errichtung Ihres Schwimmbad- oder Wellnessbereiches.<\/p><p><b>PRIVATE ANLAGEN F\u00dcR JEDES BUDGET<\/b><br \/>Wir machen den Traum vom eigenen Schwimmbad wahr, indem wir f\u00fcr jeden Kunden und jedes Budget die passende L\u00f6sung finden, denn unser Produktportfolie beginnt beim einfachen Stahlwandbecken und endet bei exklusiven Schwimmhallen. Je nach Kundenwunsch \u00fcbernehmen wir das komplette Leistungsspektrum vom Bodenaushub bis zur Inbetriebnahme oder unterst\u00fctzen mit unserem Selbstbauservice die Heimwerker. In unserer Ausstellung finden Sie selbstverst\u00e4ndlich jegliches Zubeh\u00f6r wie Verrohrungsmaterial, Schwimmbadchemikalien und Ersatzteile.<\/p><p><b>SICHTBARER ERFOLG<\/b><br \/>Kompetenz, langj\u00e4hrige Erfahrung und bestens geschultes Personal sind die Basis unseres Erfolges \u2013 und der zeigt sich in vielen, bereits geplanten und ausgef\u00fchrten Projekten. Schauen Sie sich doch mal eines an. In den letzten Jahren haben wir neben zahlreichen kleinen und gro\u00dfen privaten Projekten auch mehrere Bauvorhaben im \u00f6ffentlichen Bereich realisiert, beispielsweise:<\/p><p>Waldorf Astoria in Berlin \u2022 Soho House in Berlin \u2022 InterContinental Berlin \u2022 Yoo Berlin \u2022 Haubentaucher Berlin \u2022 AJA Resort Bad Saarow \u2022 Stadion an der Alten F\u00f6rsterei\/1. FC Union Berlin \u2022 Truman Plaza Berlin\/Hard Candy Fitness in Berlin \u2022 Yachthafen Residenz Hohe D\u00fcne in Warnem\u00fcnde\/Rostock \u2022 Hafendorf Rheinsberg<\/p><p><b>PRIVATE SCHWIMMHALLEN UND AUSSENSCHWIMMBECKEN<\/b><br \/>Realisierung von Schwimmbadanlage in kompletter Leistungsbreite im In- und Ausland. Sehr gern unterst\u00fctzen wir auch Sie bei der Planung und Realisierung einer Schwimmbad- und Wellnessanlage und freuen uns \u00fcber Ihre Kontaktaufnahme unter <a href=\"http:\/\/0049-(0)30-65661190\">0049-(0)30-65661190<\/a> oder <a href=\"mailto:info@poolwellness.de\">info@poolwellness.de<\/a><\/p>\t\t\t\t\t\t\t\t<\/div>\n\t\t\t\t<\/div>\n\t\t\t\t<div class=\"elementor-element elementor-element-727345a5 elementor-widget elementor-widget-spacer\" data-id=\"727345a5\" data-element_type=\"widget\" data-widget_type=\"spacer.default\">\n\t\t\t\t<div class=\"elementor-widget-container\">\n\t\t\t\t\t\t\t<div class=\"elementor-spacer\">\n\t\t\t<div class=\"elementor-spacer-inner\"><\/div>\n\t\t<\/div>\n\t\t\t\t\t\t<\/div>\n\t\t\t\t<\/div>\n\t\t\t\t\t<\/div>\n\t\t<\/div>\n\t\t\t\t\t<\/div>\n\t\t<\/section>\n\t\t\t\t<section class=\"elementor-section elementor-top-section elementor-element elementor-element-0e78ebe elementor-section-full_width elementor-section-stretched elementor-section-height-default elementor-section-height-default\" data-id=\"0e78ebe\" data-element_type=\"section\" data-settings=\"{&quot;stretch_section&quot;:&quot;section-stretched&quot;}\">\n\t\t\t\t\t\t<div class=\"elementor-container elementor-column-gap-default\">\n\t\t\t\t\t<div class=\"elementor-column elementor-col-50 elementor-top-column elementor-element elementor-element-bba390a\" data-id=\"bba390a\" data-element_type=\"column\" data-settings=\"{&quot;background_background&quot;:&quot;classic&quot;}\">\n\t\t\t<div class=\"elementor-widget-wrap elementor-element-populated\">\n\t\t\t\t\t\t<div class=\"elementor-element elementor-element-831e331 elementor-widget elementor-widget-spacer\" data-id=\"831e331\" data-element_type=\"widget\" data-widget_type=\"spacer.default\">\n\t\t\t\t<div class=\"elementor-widget-container\">\n\t\t\t\t\t\t\t<div class=\"elementor-spacer\">\n\t\t\t<div class=\"elementor-spacer-inner\"><\/div>\n\t\t<\/div>\n\t\t\t\t\t\t<\/div>\n\t\t\t\t<\/div>\n\t\t\t\t\t<\/div>\n\t\t<\/div>\n\t\t\t\t<div class=\"elementor-column elementor-col-50 elementor-top-column elementor-element elementor-element-ac008d4\" data-id=\"ac008d4\" data-element_type=\"column\" data-settings=\"{&quot;background_background&quot;:&quot;classic&quot;}\">\n\t\t\t<div class=\"elementor-widget-wrap elementor-element-populated\">\n\t\t\t\t\t\t<div class=\"elementor-element elementor-element-e815703 elementor-widget elementor-widget-spacer\" data-id=\"e815703\" data-element_type=\"widget\" data-widget_type=\"spacer.default\">\n\t\t\t\t<div class=\"elementor-widget-container\">\n\t\t\t\t\t\t\t<div class=\"elementor-spacer\">\n\t\t\t<div class=\"elementor-spacer-inner\"><\/div>\n\t\t<\/div>\n\t\t\t\t\t\t<\/div>\n\t\t\t\t<\/div>\n\t\t\t\t\t<\/div>\n\t\t<\/div>\n\t\t\t\t\t<\/div>\n\t\t<\/section>\n\t\t\t\t<section class=\"elementor-section elementor-top-section elementor-element elementor-element-85a4e2e elementor-section-full_width elementor-section-stretched elementor-section-height-default elementor-section-height-default\" data-id=\"85a4e2e\" data-element_type=\"section\" data-settings=\"{&quot;stretch_section&quot;:&quot;section-stretched&quot;}\">\n\t\t\t\t\t\t<div class=\"elementor-container elementor-column-gap-default\">\n\t\t\t\t\t<div class=\"elementor-column elementor-col-50 elementor-top-column elementor-element elementor-element-f345758\" data-id=\"f345758\" data-element_type=\"column\" data-settings=\"{&quot;background_background&quot;:&quot;classic&quot;}\">\n\t\t\t<div class=\"elementor-widget-wrap elementor-element-populated\">\n\t\t\t\t\t\t<div class=\"elementor-element elementor-element-df5b3e5 elementor-widget elementor-widget-spacer\" data-id=\"df5b3e5\" data-element_type=\"widget\" data-widget_type=\"spacer.default\">\n\t\t\t\t<div class=\"elementor-widget-container\">\n\t\t\t\t\t\t\t<div class=\"elementor-spacer\">\n\t\t\t<div class=\"elementor-spacer-inner\"><\/div>\n\t\t<\/div>\n\t\t\t\t\t\t<\/div>\n\t\t\t\t<\/div>\n\t\t\t\t\t<\/div>\n\t\t<\/div>\n\t\t\t\t<div class=\"elementor-column elementor-col-50 elementor-top-column elementor-element elementor-element-fc93a83\" data-id=\"fc93a83\" data-element_type=\"column\" data-settings=\"{&quot;background_background&quot;:&quot;classic&quot;}\">\n\t\t\t<div class=\"elementor-widget-wrap elementor-element-populated\">\n\t\t\t\t\t\t<div class=\"elementor-element elementor-element-0691c09 elementor-widget elementor-widget-spacer\" data-id=\"0691c09\" data-element_type=\"widget\" data-widget_type=\"spacer.default\">\n\t\t\t\t<div class=\"elementor-widget-container\">\n\t\t\t\t\t\t\t<div class=\"elementor-spacer\">\n\t\t\t<div class=\"elementor-spacer-inner\"><\/div>\n\t\t<\/div>\n\t\t\t\t\t\t<\/div>\n\t\t\t\t<\/div>\n\t\t\t\t\t<\/div>\n\t\t<\/div>\n\t\t\t\t\t<\/div>\n\t\t<\/section>\n\t\t\t\t<\/div>\n\t\t","protected":false},"excerpt":{"rendered":"<p>\u00dcber uns UNSERE ST\u00c4RKE: IHR UNVERF\u00c4LSCHTER BADESPASS Als Poolbauer ist die Planung und Realisierung von Schwimmb\u00e4dern und Wellnessanlagen im privaten und \u00f6ffentlichen Bereich sind unser Kerngesch\u00e4ft. Dabei ist der Einsatz einer qualit\u00e4tsgerechten, hochwertigen Wasseraufbereitung ebenso selbstverst\u00e4ndlich wie eine durchdachte Klima- und L\u00fcftungstechnik. Auch die Energieversorgung, W\u00e4rmed\u00e4mmung und Feuchteisolierung haben wir fest im Blick und legen [&hellip;]<\/p>\n","protected":false},"author":4,"featured_media":0,"parent":8890,"menu_order":0,"comment_status":"closed","ping_status":"closed","template":"","meta":{"footnotes":""},"class_list":["post-8879","page","type-page","status-publish","hentry"],"_links":{"self":[{"href":"https:\/\/poolwellness.de\/en\/wp-json\/wp\/v2\/pages\/8879","targetHints":{"allow":["GET"]}}],"collection":[{"href":"https:\/\/poolwellness.de\/en\/wp-json\/wp\/v2\/pages"}],"about":[{"href":"https:\/\/poolwellness.de\/en\/wp-json\/wp\/v2\/types\/page"}],"author":[{"embeddable":true,"href":"https:\/\/poolwellness.de\/en\/wp-json\/wp\/v2\/users\/4"}],"replies":[{"embeddable":true,"href":"https:\/\/poolwellness.de\/en\/wp-json\/wp\/v2\/comments?post=8879"}],"version-history":[{"count":0,"href":"https:\/\/poolwellness.de\/en\/wp-json\/wp\/v2\/pages\/8879\/revisions"}],"up":[{"embeddable":true,"href":"https:\/\/poolwellness.de\/en\/wp-json\/wp\/v2\/pages\/8890"}],"wp:attachment":[{"href":"https:\/\/poolwellness.de\/en\/wp-json\/wp\/v2\/media?parent=8879"}],"curies":[{"name":"wp","href":"https:\/\/api.w.org\/{rel}","templated":true}]}}