{"id":8884,"date":"2021-03-27T17:20:01","date_gmt":"2021-03-27T16:20:01","guid":{"rendered":"https:\/\/poolwellness.de\/service-wartung\/"},"modified":"2021-06-06T10:46:55","modified_gmt":"2021-06-06T09:46:55","slug":"service-maintenance","status":"publish","type":"page","link":"https:\/\/poolwellness.de\/en\/services\/service-maintenance\/","title":{"rendered":"Service &#038; Maintenance"},"content":{"rendered":"\t\t<div data-elementor-type=\"wp-page\" data-elementor-id=\"8884\" class=\"elementor elementor-8884 elementor-18\" data-elementor-post-type=\"page\">\n\t\t\t\t\t\t<section class=\"elementor-section elementor-top-section elementor-element elementor-element-2d4a4c42 elementor-section-height-min-height elementor-section-full_width elementor-section-stretched elementor-section-height-default elementor-section-items-middle\" data-id=\"2d4a4c42\" data-element_type=\"section\" data-settings=\"{&quot;background_background&quot;:&quot;slideshow&quot;,&quot;background_slideshow_gallery&quot;:[{&quot;id&quot;:591,&quot;url&quot;:&quot;https:\\\/\\\/poolwellness.de\\\/wp-content\\\/uploads\\\/2021\\\/03\\\/bgr-header-planung.jpg&quot;},{&quot;id&quot;:698,&quot;url&quot;:&quot;https:\\\/\\\/poolwellness.de\\\/wp-content\\\/uploads\\\/2021\\\/03\\\/kuehne-headerbild-sanierung-umbau.jpg&quot;},{&quot;id&quot;:914,&quot;url&quot;:&quot;https:\\\/\\\/poolwellness.de\\\/wp-content\\\/uploads\\\/2021\\\/03\\\/header-kuehne-headerbild-stellenangebote-2.jpg&quot;},{&quot;id&quot;:849,&quot;url&quot;:&quot;https:\\\/\\\/poolwellness.de\\\/wp-content\\\/uploads\\\/2021\\\/03\\\/kuehne-headerbild-unternehmensdarstellung.jpg&quot;}],&quot;background_slideshow_ken_burns&quot;:&quot;yes&quot;,&quot;stretch_section&quot;:&quot;section-stretched&quot;,&quot;background_slideshow_loop&quot;:&quot;yes&quot;,&quot;background_slideshow_slide_duration&quot;:5000,&quot;background_slideshow_slide_transition&quot;:&quot;fade&quot;,&quot;background_slideshow_transition_duration&quot;:500,&quot;background_slideshow_ken_burns_zoom_direction&quot;:&quot;in&quot;}\">\n\t\t\t\t\t\t<div class=\"elementor-container elementor-column-gap-default\">\n\t\t\t\t\t<div class=\"elementor-column elementor-col-100 elementor-top-column elementor-element elementor-element-4e3fa0bf\" data-id=\"4e3fa0bf\" data-element_type=\"column\">\n\t\t\t<div class=\"elementor-widget-wrap\">\n\t\t\t\t\t\t\t<\/div>\n\t\t<\/div>\n\t\t\t\t\t<\/div>\n\t\t<\/section>\n\t\t\t\t<section class=\"elementor-section elementor-top-section elementor-element elementor-element-627d534e elementor-section-stretched elementor-section-boxed elementor-section-height-default elementor-section-height-default\" data-id=\"627d534e\" data-element_type=\"section\" data-settings=\"{&quot;stretch_section&quot;:&quot;section-stretched&quot;,&quot;background_background&quot;:&quot;classic&quot;}\">\n\t\t\t\t\t\t<div class=\"elementor-container elementor-column-gap-default\">\n\t\t\t\t\t<div class=\"elementor-column elementor-col-100 elementor-top-column elementor-element elementor-element-5dbbd3f1\" data-id=\"5dbbd3f1\" data-element_type=\"column\">\n\t\t\t<div class=\"elementor-widget-wrap elementor-element-populated\">\n\t\t\t\t\t\t<div class=\"elementor-element elementor-element-b239a65 elementor-widget elementor-widget-spacer\" data-id=\"b239a65\" data-element_type=\"widget\" data-widget_type=\"spacer.default\">\n\t\t\t\t<div class=\"elementor-widget-container\">\n\t\t\t\t\t\t\t<div class=\"elementor-spacer\">\n\t\t\t<div class=\"elementor-spacer-inner\"><\/div>\n\t\t<\/div>\n\t\t\t\t\t\t<\/div>\n\t\t\t\t<\/div>\n\t\t\t\t<div class=\"elementor-element elementor-element-6648c3c9 elementor-widget elementor-widget-heading\" data-id=\"6648c3c9\" data-element_type=\"widget\" data-widget_type=\"heading.default\">\n\t\t\t\t<div class=\"elementor-widget-container\">\n\t\t\t\t\t<h1 class=\"elementor-heading-title elementor-size-default\">Schwimmbad-Wartung &amp; Kundenservice<\/h1>\t\t\t\t<\/div>\n\t\t\t\t<\/div>\n\t\t\t\t<div class=\"elementor-element elementor-element-150afad link-decoration-text-body-only  elementor-widget elementor-widget-text-editor\" data-id=\"150afad\" data-element_type=\"widget\" data-widget_type=\"text-editor.default\">\n\t\t\t\t<div class=\"elementor-widget-container\">\n\t\t\t\t\t\t\t\t\t<p><strong>F\u00fcr langfristige Gl\u00fccksmomente<br \/><\/strong>Mit unserer F\u00fcnf-Jahres-Garantie auf alle unsere Leistungen sind Sie mit der Schwimmbad Wartung von K\u00fchne Pool &amp; Wellness auf der sicheren Seite. Ganz ohne Pflege geht es trotzdem nicht: Gerne \u00fcbernehmen wir die regelm\u00e4\u00dfige Wartung Ihres privaten Pools oder Ihrer \u00f6ffentlichen Schwimmbadanlage, damit die hervorragende Wasserqualit\u00e4t und Technik im optimalen Zustand erhalten bleiben.<\/p><p><strong>Kompletter Kundenservice<\/strong><br \/>Im Rahmen einer halbj\u00e4hrlichen oder j\u00e4hrlichen Schwimmbad-Wartung wird die gesamte Anlagentechnik \u00fcberpr\u00fcft und Verschlei\u00dfteile werden ausgetauscht, damit eine optimale Funktionsweise sichergestellt ist. Sie wollen aber auch \u00fcber den normalen Wartungsrhythmus hinaus lieber nur die Vorz\u00fcge Ihres Schwimmbades genie\u00dfen? Kein Problem! Im Rahmen einer Vollwartung k\u00fcmmern wir uns beispielweise w\u00f6chentlich um Ihr Schwimmbad, reinigen es, \u00fcberpr\u00fcfen die Wasserwerte und sorgen daf\u00fcr, dass ausreichend Wasseraufbereitungsmittel zur Verf\u00fcgung stehen.<\/p><p><strong>Schwimmbad-Wartung<\/strong><br \/>Angepasst an Ihren Wunsch bieten wir Ihnen einen individuellen Vertrag zur Schwimmbad-Wartung an, der Ihren Anspr\u00fcchen gerecht wird. Bei uns ist Ihr Pool in professionellen H\u00e4nden.<\/p>\t\t\t\t\t\t\t\t<\/div>\n\t\t\t\t<\/div>\n\t\t\t\t<div class=\"elementor-element elementor-element-652d5898 elementor-widget elementor-widget-spacer\" data-id=\"652d5898\" data-element_type=\"widget\" data-widget_type=\"spacer.default\">\n\t\t\t\t<div class=\"elementor-widget-container\">\n\t\t\t\t\t\t\t<div class=\"elementor-spacer\">\n\t\t\t<div class=\"elementor-spacer-inner\"><\/div>\n\t\t<\/div>\n\t\t\t\t\t\t<\/div>\n\t\t\t\t<\/div>\n\t\t\t\t\t<\/div>\n\t\t<\/div>\n\t\t\t\t\t<\/div>\n\t\t<\/section>\n\t\t\t\t<section class=\"elementor-section elementor-top-section elementor-element elementor-element-49781409 elementor-section-full_width elementor-section-stretched p-leistungen slider elementor-hidden-phone elementor-section-height-default elementor-section-height-default\" data-id=\"49781409\" data-element_type=\"section\" data-settings=\"{&quot;stretch_section&quot;:&quot;section-stretched&quot;}\">\n\t\t\t\t\t\t<div class=\"elementor-container elementor-column-gap-no\">\n\t\t\t\t\t<div class=\"elementor-column elementor-col-100 elementor-top-column elementor-element elementor-element-1f11371e\" data-id=\"1f11371e\" data-element_type=\"column\">\n\t\t\t<div class=\"elementor-widget-wrap elementor-element-populated\">\n\t\t\t\t\t\t<div class=\"elementor-element elementor-element-47209291 elementor-widget elementor-widget-jet-carousel\" data-id=\"47209291\" data-element_type=\"widget\" data-settings=\"{&quot;slides_to_show&quot;:&quot;1&quot;,&quot;slides_to_show_mobile&quot;:&quot;1&quot;,&quot;slides_to_scroll&quot;:&quot;1&quot;}\" data-widget_type=\"jet-carousel.default\">\n\t\t\t\t<div class=\"elementor-widget-container\">\n\t\t\t\t\t<div class=\"elementor-jet-carousel jet-elements\"><div class=\"jet-carousel-wrap jet-equal-cols\">\n\t<div class=\"jet-carousel\" data-slider_options=\"{&quot;autoplaySpeed&quot;:5000,&quot;autoplay&quot;:false,&quot;infinite&quot;:true,&quot;centerMode&quot;:false,&quot;centerPadding&quot;:&quot;50px&quot;,&quot;pauseOnHover&quot;:false,&quot;speed&quot;:500,&quot;arrows&quot;:true,&quot;dots&quot;:false,&quot;variableWidth&quot;:true,&quot;prevArrow&quot;:&quot;.jet-carousel__prev-arrow-47209291&quot;,&quot;nextArrow&quot;:&quot;.jet-carousel__next-arrow-47209291&quot;,&quot;rtl&quot;:false,&quot;fractionNav&quot;:false,&quot;fade&quot;:false}\" dir=\"ltr\">\n\t<div class=\"elementor-slick-slider\">\n\n<div class=\"jet-carousel__item\">\n\t<div class=\"jet-carousel__item-inner\"><img decoding=\"async\" src=\"https:\/\/poolwellness.de\/wp-content\/uploads\/2021\/04\/kuehne_poolwellness_leistungen_wartung_06.jpg\" class=\"jet-carousel__item-img\" alt=\"K\u00fchne Pool und Wellness\" loading=\"lazy\"><div class=\"jet-carousel__content\"><\/div><\/div>\n<\/div>\n\n<div class=\"jet-carousel__item\">\n\t<div class=\"jet-carousel__item-inner\"><img decoding=\"async\" src=\"https:\/\/poolwellness.de\/wp-content\/uploads\/2021\/04\/kuehne_poolwellness_leistungen_wartung_05-1.jpg\" class=\"jet-carousel__item-img\" alt=\"K\u00fchne Pool und Wellness Leistungen\" loading=\"lazy\"><div class=\"jet-carousel__content\"><\/div><\/div>\n<\/div>\n\n<div class=\"jet-carousel__item\">\n\t<div class=\"jet-carousel__item-inner\"><img decoding=\"async\" src=\"https:\/\/poolwellness.de\/wp-content\/uploads\/2021\/04\/kuehne_poolwellness_leistungen_wartung_04-1.jpg\" class=\"jet-carousel__item-img\" alt=\"K\u00fchne Pool und Wellness Leistungen\" loading=\"lazy\"><div class=\"jet-carousel__content\"><\/div><\/div>\n<\/div>\n<\/div><div class=\"jet-carousel__prev-arrow-47209291 jet-arrow prev-arrow\"><svg xmlns=\"http:\/\/www.w3.org\/2000\/svg\" width=\"24.215\" height=\"117.796\" viewBox=\"0 0 24.215 117.796\"><path id=\"Path_125\" data-name=\"Path 125\" d=\"M0,0,59,22.21,117.087,0\" transform=\"translate(23.28 0.352) rotate(90)\" fill=\"none\" stroke=\"#48b9b2\" stroke-width=\"2\"><\/path><\/svg><\/div><div class=\"jet-carousel__next-arrow-47209291 jet-arrow next-arrow\"><svg xmlns=\"http:\/\/www.w3.org\/2000\/svg\" width=\"24.215\" height=\"117.796\" viewBox=\"0 0 24.215 117.796\"><defs><style>.a{fill:none;stroke:#48b9b2;stroke-width:2px;}<\/style><\/defs><path class=\"a\" d=\"M0,22.21,59,0l58.087,22.21\" transform=\"translate(23.146 0.352) rotate(90)\"><\/path><\/svg><\/div><\/div>\n<\/div>\n<\/div>\t\t\t\t<\/div>\n\t\t\t\t<\/div>\n\t\t\t\t\t<\/div>\n\t\t<\/div>\n\t\t\t\t\t<\/div>\n\t\t<\/section>\n\t\t\t\t<section class=\"elementor-section elementor-top-section elementor-element elementor-element-337a14b3 elementor-section-full_width elementor-section-stretched elementor-hidden-desktop elementor-hidden-tablet elementor-section-height-default elementor-section-height-default\" data-id=\"337a14b3\" data-element_type=\"section\" data-settings=\"{&quot;stretch_section&quot;:&quot;section-stretched&quot;}\">\n\t\t\t\t\t\t<div class=\"elementor-container elementor-column-gap-no\">\n\t\t\t\t\t<div class=\"elementor-column elementor-col-100 elementor-top-column elementor-element elementor-element-4de5f7ce\" data-id=\"4de5f7ce\" data-element_type=\"column\">\n\t\t\t<div class=\"elementor-widget-wrap elementor-element-populated\">\n\t\t\t\t\t\t<div class=\"elementor-element elementor-element-21faae45 p-home-carousel elementor-widget elementor-widget-jet-carousel\" data-id=\"21faae45\" data-element_type=\"widget\" data-settings=\"{&quot;slides_to_show&quot;:&quot;1&quot;,&quot;slides_to_show_mobile&quot;:&quot;1&quot;,&quot;slides_to_scroll&quot;:&quot;1&quot;}\" data-widget_type=\"jet-carousel.default\">\n\t\t\t\t<div class=\"elementor-widget-container\">\n\t\t\t\t\t<div class=\"elementor-jet-carousel jet-elements\"><div class=\"jet-carousel-wrap jet-equal-cols\">\n\t<div class=\"jet-carousel\" data-slider_options=\"{&quot;autoplaySpeed&quot;:5000,&quot;autoplay&quot;:false,&quot;infinite&quot;:false,&quot;centerMode&quot;:false,&quot;centerPadding&quot;:&quot;50px&quot;,&quot;pauseOnHover&quot;:false,&quot;speed&quot;:500,&quot;arrows&quot;:true,&quot;dots&quot;:true,&quot;variableWidth&quot;:true,&quot;prevArrow&quot;:&quot;.jet-carousel__prev-arrow-21faae45&quot;,&quot;nextArrow&quot;:&quot;.jet-carousel__next-arrow-21faae45&quot;,&quot;rtl&quot;:false,&quot;fractionNav&quot;:false,&quot;fade&quot;:false}\" dir=\"ltr\">\n\t<div class=\"elementor-slick-slider\">\n\n<div class=\"jet-carousel__item\">\n\t<div class=\"jet-carousel__item-inner\"><img decoding=\"async\" src=\"https:\/\/poolwellness.de\/wp-content\/uploads\/2021\/04\/kuehne_poolwellness_leistungen_wartung_02-370x265.jpg\" class=\"jet-carousel__item-img\" alt=\"K\u00fchne Pool und Wellness\" loading=\"lazy\"><div class=\"jet-carousel__content\"><\/div><\/div>\n<\/div>\n\n<div class=\"jet-carousel__item\">\n\t<div class=\"jet-carousel__item-inner\"><img decoding=\"async\" src=\"https:\/\/poolwellness.de\/wp-content\/uploads\/2021\/04\/kuehne_poolwellness_leistungen_wartung_03-370x265.jpg\" class=\"jet-carousel__item-img\" alt=\"K\u00fchne Pool und Wellness\" loading=\"lazy\"><div class=\"jet-carousel__content\"><\/div><\/div>\n<\/div>\n\n<div class=\"jet-carousel__item\">\n\t<div class=\"jet-carousel__item-inner\"><img decoding=\"async\" src=\"https:\/\/poolwellness.de\/wp-content\/uploads\/2021\/04\/kuehne_poolwellness_leistungen_wartung_06-370x265.jpg\" class=\"jet-carousel__item-img\" alt=\"K\u00fchne Pool und Wellness\" loading=\"lazy\"><div class=\"jet-carousel__content\"><\/div><\/div>\n<\/div>\n\n<div class=\"jet-carousel__item\">\n\t<div class=\"jet-carousel__item-inner\"><img decoding=\"async\" src=\"https:\/\/poolwellness.de\/wp-content\/uploads\/2021\/04\/kuehne_poolwellness_leistungen_wartung_05-1-370x265.jpg\" class=\"jet-carousel__item-img\" alt=\"K\u00fchne Pool und Wellness Leistungen\" loading=\"lazy\"><div class=\"jet-carousel__content\"><\/div><\/div>\n<\/div>\n\n<div class=\"jet-carousel__item\">\n\t<div class=\"jet-carousel__item-inner\"><img decoding=\"async\" src=\"https:\/\/poolwellness.de\/wp-content\/uploads\/2021\/04\/kuehne_poolwellness_leistungen_wartung_04-370x265.jpg\" class=\"jet-carousel__item-img\" alt=\"K\u00fchne Pool und Wellness\" loading=\"lazy\"><div class=\"jet-carousel__content\"><\/div><\/div>\n<\/div>\n<\/div><div class=\"jet-carousel__prev-arrow-21faae45 jet-arrow prev-arrow\"><svg xmlns=\"http:\/\/www.w3.org\/2000\/svg\" width=\"178.764\" height=\"25.57\" viewBox=\"0 0 178.764 25.57\"><defs><style>      .cls-1 {        fill: none;        stroke: #48b9b2;        stroke-width: 2px;      }    <\/style><\/defs><g id=\"Component_122_2\" data-name=\"Component 122 &#x2013; 2\" transform=\"translate(178.764 24.861) rotate(180)\"><line id=\"Line_27\" data-name=\"Line 27\" class=\"cls-1\" x2=\"168.5\" transform=\"translate(0 12.077)\"><\/line><path id=\"Path_1\" data-name=\"Path 1\" class=\"cls-1\" d=\"M1515.281,474.188l12.1,12.042-12.1,12.112\" transform=\"translate(-1350.037 -474.188)\"><\/path><\/g><\/svg><\/div><div class=\"jet-carousel__next-arrow-21faae45 jet-arrow next-arrow\"><svg xmlns=\"http:\/\/www.w3.org\/2000\/svg\" width=\"178.763\" height=\"25.57\" viewBox=\"0 0 178.763 25.57\"><defs><style>      .cls-1 {        fill: none;        stroke: #48b9b2;        stroke-width: 2px;      }    <\/style><\/defs><g id=\"Group_62\" data-name=\"Group 62\" transform=\"translate(-592.5 -5225.714)\"><line id=\"Line_27\" data-name=\"Line 27\" class=\"cls-1\" x2=\"168.5\" transform=\"translate(592.5 5238.5)\"><\/line><path id=\"Path_1\" data-name=\"Path 1\" class=\"cls-1\" d=\"M1515.281,474.188l12.1,12.042-12.1,12.112\" transform=\"translate(-757.537 4752.235)\"><\/path><\/g><\/svg><\/div><\/div>\n<\/div>\n<\/div>\t\t\t\t<\/div>\n\t\t\t\t<\/div>\n\t\t\t\t\t<\/div>\n\t\t<\/div>\n\t\t\t\t\t<\/div>\n\t\t<\/section>\n\t\t\t\t<section class=\"elementor-section elementor-top-section elementor-element elementor-element-3b64bb1 contact-form elementor-section-stretched elementor-section-boxed elementor-section-height-default elementor-section-height-default\" data-id=\"3b64bb1\" data-element_type=\"section\" id=\"sec-contact\" data-settings=\"{&quot;stretch_section&quot;:&quot;section-stretched&quot;,&quot;background_background&quot;:&quot;classic&quot;}\">\n\t\t\t\t\t\t<div class=\"elementor-container elementor-column-gap-default\">\n\t\t\t\t\t<div class=\"elementor-column elementor-col-100 elementor-top-column elementor-element elementor-element-77f2c7f8\" data-id=\"77f2c7f8\" data-element_type=\"column\">\n\t\t\t<div class=\"elementor-widget-wrap elementor-element-populated\">\n\t\t\t\t\t\t<div class=\"elementor-element elementor-element-10d87f6 elementor-widget elementor-widget-spacer\" data-id=\"10d87f6\" data-element_type=\"widget\" data-widget_type=\"spacer.default\">\n\t\t\t\t<div class=\"elementor-widget-container\">\n\t\t\t\t\t\t\t<div class=\"elementor-spacer\">\n\t\t\t<div class=\"elementor-spacer-inner\"><\/div>\n\t\t<\/div>\n\t\t\t\t\t\t<\/div>\n\t\t\t\t<\/div>\n\t\t\t\t<section class=\"elementor-section elementor-inner-section elementor-element elementor-element-6329820f elementor-section-boxed elementor-section-height-default elementor-section-height-default\" data-id=\"6329820f\" data-element_type=\"section\">\n\t\t\t\t\t\t<div class=\"elementor-container elementor-column-gap-default\">\n\t\t\t\t\t<div class=\"elementor-column elementor-col-100 elementor-inner-column elementor-element elementor-element-30a240bc\" data-id=\"30a240bc\" data-element_type=\"column\">\n\t\t\t<div class=\"elementor-widget-wrap elementor-element-populated\">\n\t\t\t\t\t\t<div class=\"elementor-element elementor-element-3ef68bfd elementor-widget elementor-widget-heading\" data-id=\"3ef68bfd\" data-element_type=\"widget\" data-widget_type=\"heading.default\">\n\t\t\t\t<div class=\"elementor-widget-container\">\n\t\t\t\t\t<h2 class=\"elementor-heading-title elementor-size-default\"> Anfrage Stellen<\/h2>\t\t\t\t<\/div>\n\t\t\t\t<\/div>\n\t\t\t\t<div class=\"elementor-element elementor-element-30e9ac52 elementor-widget elementor-widget-text-editor\" data-id=\"30e9ac52\" data-element_type=\"widget\" data-widget_type=\"text-editor.default\">\n\t\t\t\t<div class=\"elementor-widget-container\">\n\t\t\t\t\t\t\t\t\t<p>Planen Sie ein aktuelles Pool-Projekt? Dann schreiben Sie uns!<\/p>\t\t\t\t\t\t\t\t<\/div>\n\t\t\t\t<\/div>\n\t\t\t\t\t<\/div>\n\t\t<\/div>\n\t\t\t\t\t<\/div>\n\t\t<\/section>\n\t\t\t\t<div class=\"elementor-element elementor-element-45ed26ac elementor-widget elementor-widget-spacer\" data-id=\"45ed26ac\" data-element_type=\"widget\" data-widget_type=\"spacer.default\">\n\t\t\t\t<div class=\"elementor-widget-container\">\n\t\t\t\t\t\t\t<div class=\"elementor-spacer\">\n\t\t\t<div class=\"elementor-spacer-inner\"><\/div>\n\t\t<\/div>\n\t\t\t\t\t\t<\/div>\n\t\t\t\t<\/div>\n\t\t\t\t<div class=\"elementor-element elementor-element-34be0ba8 elementor-widget elementor-widget-jet-engine-booking-form\" data-id=\"34be0ba8\" data-element_type=\"widget\" data-widget_type=\"jet-engine-booking-form.default\">\n\t\t\t\t<div class=\"elementor-widget-container\">\n\t\t\t\t\t<form  class=\"jet-form layout-column submit-type-reload\" action=\"\/en\/wp-json\/wp\/v2\/pages\/8884?jet_engine_action=book&#038;nocache=1778160968\" method=\"POST\" data-form-id=\"9169\"><input class=\"jet-form__field hidden-field\" type=\"hidden\" name=\"_jet_engine_booking_form_id\" value=\"9169\" data-field-name=\"_jet_engine_booking_form_id\"><input class=\"jet-form__field hidden-field\" type=\"hidden\" name=\"_jet_engine_refer\" value=\"https:\/\/poolwellness.de\/en\/wp-json\/wp\/v2\/pages\/8884\/\" data-field-name=\"_jet_engine_refer\"><div  class=\"jet-form-row jet-form-row--hidden\"><div class=\"jet-form-col jet-form-col-12  field-type-hidden  jet-form-field-container\" data-field=\"post_id\" data-conditional=\"false\"><input class=\"jet-form__field hidden-field\" type=\"hidden\" name=\"post_id\" value=\"8884\" data-field-name=\"post_id\"><\/div><\/div><div  class=\"jet-form-row jet-form-row--first-visible\"><div class=\"jet-form-col jet-form-col-6  field-type-select first-form-gender jet-form-field-container\" data-field=\"gender\" data-conditional=\"false\"><div class=\"jet-form__label\">\n\t<span class=\"jet-form__label-text\" >GENDER<\/span>\n\t<\/div><select  name=\"gender\" data-field-name=\"gender\" id=\"gender\" data-default-val=\"\" class=\"jet-form__field select-field\"><option value=\"\" selected>Women\/ Man<\/option><option value=\"women\" >women<\/option><option value=\"man\" >man<\/option><\/select><\/div><div class=\"jet-form-col jet-form-col-6  field-type-text  jet-form-field-container\" data-field=\"name\" data-conditional=\"false\"><div class=\"jet-form__label\">\n\t<span class=\"jet-form__label-text\" >NAME<span class=\"jet-form__required\">*<\/span><\/span>\n\t<\/div><input class=\"jet-form__field text-field \" placeholder=\"First name, Last name*\" value=\"\" required=\"required\" name=\"name\" id=\"name\" type=\"text\" data-field-name=\"name\"><\/div><\/div><div  class=\"jet-form-row\"><div class=\"jet-form-col jet-form-col-6  field-type-text  jet-form-field-container\" data-field=\"email\" data-conditional=\"false\"><div class=\"jet-form__label\">\n\t<span class=\"jet-form__label-text\" >EMAIL<span class=\"jet-form__required\">*<\/span><\/span>\n\t<\/div><input class=\"jet-form__field text-field \" placeholder=\"name@mail.de\" value=\"\" required=\"required\" name=\"email\" id=\"email\" type=\"text\" data-field-name=\"email\"><\/div><div class=\"jet-form-col jet-form-col-6  field-type-text  jet-form-field-container\" data-field=\"telefon\" data-conditional=\"false\"><div class=\"jet-form__label\">\n\t<span class=\"jet-form__label-text\" >PHONE<\/span>\n\t<\/div><input class=\"jet-form__field text-field \" placeholder=\"030-123456789\" value=\"\" name=\"telefon\" id=\"telefon\" type=\"text\" data-field-name=\"telefon\"><\/div><\/div><div  class=\"jet-form-row\"><div class=\"jet-form-col jet-form-col-12  field-type-textarea  jet-form-field-container\" data-field=\"message\" data-conditional=\"false\"><div class=\"jet-form__label\">\n\t<span class=\"jet-form__label-text\" >Message<\/span>\n\t<\/div><textarea class=\"jet-form__field textarea-field\" placeholder=\"Your message\" name=\"message\" data-field-name=\"message\" id=\"message\"><\/textarea><small class=\"jet-form__desc\"><span class=\"jet-form__desc-text\">* Required<\/span><\/small><\/div><\/div><div  class=\"jet-form-row jet-form-row--submit\"><div class=\"jet-form-col jet-form-col-12  field-type-submit  jet-form-field-container\" data-field=\"Submit\" data-conditional=\"false\"><div class=\"jet-form__submit-wrap\">\n\t\t<button class=\"jet-form__submit submit-type-reload\" type=\"submit\">SEND<\/button>\n<\/div><\/div><\/div><script id=\"jet-engine-recaptcha-js\" src=\"https:\/\/www.google.com\/recaptcha\/api.js?render=6LczcMAaAAAAAOyGRbu1K7DJ5R7uzKL3Nbrfnn0U\"><\/script>\t\t\t<input type=\"hidden\" class=\"captcha-token\" name=\"_captcha_token\" value=\"\">\n\t\t\t<script>\n\n\t\t\t\tif ( ! window.JetEngineFormCaptcha ) {\n\t\t\t\t\twindow.JetEngineFormCaptcha = function( formID ) {\n\t\t\t\t\t\tvar $script  = document.querySelector( 'script#jet-engine-recaptcha-js' ),\n\t\t\t\t\t\t\t$cpField = document.querySelector( 'form[data-form-id=\"' + formID + '\"] .captcha-token' );\n\n\t\t\t\t\t\tfunction setFormToken() {\n\t\t\t\t\t\t\tif ( window.JetEngineFormToken ) {\n\t\t\t\t\t\t\t\t$cpField.value = window.JetEngineFormToken;\n\t\t\t\t\t\t\t} else if ( window.grecaptcha ) {\n\t\t\t\t\t\t\t\twindow.grecaptcha.ready( function() {\n\t\t\t\t\t\t\t\t\tgrecaptcha.execute(\n\t\t\t\t\t\t\t\t\t\t'6LczcMAaAAAAAOyGRbu1K7DJ5R7uzKL3Nbrfnn0U',\n\t\t\t\t\t\t\t\t\t\t{\n\t\t\t\t\t\t\t\t\t\t\taction: 'submit_form'\n\t\t\t\t\t\t\t\t\t\t}\n\t\t\t\t\t\t\t\t\t).then( function( token ) {\n\t\t\t\t\t\t\t\t\t\t$cpField.value = token;\n\t\t\t\t\t\t\t\t\t\twindow.JetEngineFormToken = token;\n\t\t\t\t\t\t\t\t\t} );\n\t\t\t\t\t\t\t\t} );\n\t\t\t\t\t\t\t}\n\t\t\t\t\t\t}\n\n\t\t\t\t\t\tif ( ! $cpField ) {\n\t\t\t\t\t\t\treturn;\n\t\t\t\t\t\t}\n\n\t\t\t\t\t\tif ( ! $script ) {\n\n\t\t\t\t\t\t\t$script = document.createElement( 'script' );\n\n\t\t\t\t\t\t\t$script.id  = 'jet-engine-recaptcha-js';\n\t\t\t\t\t\t\t$script.src = 'https:\/\/www.google.com\/recaptcha\/api.js?render=6LczcMAaAAAAAOyGRbu1K7DJ5R7uzKL3Nbrfnn0U';\n\n\t\t\t\t\t\t\t$cpField.parentNode.insertBefore( $script, $cpField );\n\n\t\t\t\t\t\t\t$script.onload = function() {\n\t\t\t\t\t\t\t\tsetFormToken();\n\t\t\t\t\t\t\t};\n\n\t\t\t\t\t\t} else {\n\t\t\t\t\t\t\tsetFormToken();\n\t\t\t\t\t\t}\n\n\t\t\t\t\t}\n\t\t\t\t}\n\n\t\t\t\twindow.JetEngineFormCaptcha( 9169 );\n\n\t\t\t\tjQuery( window ).on( 'jet-popup\/show-event\/after-show', function () {\n\n\t\t\t\t\twindow.JetEngineFormCaptcha( 9169 );\n\n\t\t\t\t} );\n\t\t\t<\/script>\n\t\t\t<input class=\"jet-form__field hidden-field\" type=\"hidden\" name=\"_jet_engine_nonce\" value=\"baa80d570a\" data-field-name=\"_jet_engine_nonce\"><\/form>\t\t\t\t<\/div>\n\t\t\t\t<\/div>\n\t\t\t\t<div class=\"elementor-element elementor-element-457ba128 elementor-widget elementor-widget-spacer\" data-id=\"457ba128\" data-element_type=\"widget\" data-widget_type=\"spacer.default\">\n\t\t\t\t<div class=\"elementor-widget-container\">\n\t\t\t\t\t\t\t<div class=\"elementor-spacer\">\n\t\t\t<div class=\"elementor-spacer-inner\"><\/div>\n\t\t<\/div>\n\t\t\t\t\t\t<\/div>\n\t\t\t\t<\/div>\n\t\t\t\t\t<\/div>\n\t\t<\/div>\n\t\t\t\t\t<\/div>\n\t\t<\/section>\n\t\t\t\t<\/div>\n\t\t","protected":false},"excerpt":{"rendered":"<p>Schwimmbad-Wartung &#038; Kundenservice F\u00fcr langfristige Gl\u00fccksmomenteMit unserer F\u00fcnf-Jahres-Garantie auf alle unsere Leistungen sind Sie mit der Schwimmbad Wartung von K\u00fchne Pool &amp; Wellness auf der sicheren Seite. Ganz ohne Pflege geht es trotzdem nicht: Gerne \u00fcbernehmen wir die regelm\u00e4\u00dfige Wartung Ihres privaten Pools oder Ihrer \u00f6ffentlichen Schwimmbadanlage, damit die hervorragende Wasserqualit\u00e4t und Technik im optimalen [&hellip;]<\/p>\n","protected":false},"author":4,"featured_media":0,"parent":8886,"menu_order":0,"comment_status":"closed","ping_status":"closed","template":"","meta":{"footnotes":""},"class_list":["post-8884","page","type-page","status-publish","hentry"],"_links":{"self":[{"href":"https:\/\/poolwellness.de\/en\/wp-json\/wp\/v2\/pages\/8884","targetHints":{"allow":["GET"]}}],"collection":[{"href":"https:\/\/poolwellness.de\/en\/wp-json\/wp\/v2\/pages"}],"about":[{"href":"https:\/\/poolwellness.de\/en\/wp-json\/wp\/v2\/types\/page"}],"author":[{"embeddable":true,"href":"https:\/\/poolwellness.de\/en\/wp-json\/wp\/v2\/users\/4"}],"replies":[{"embeddable":true,"href":"https:\/\/poolwellness.de\/en\/wp-json\/wp\/v2\/comments?post=8884"}],"version-history":[{"count":0,"href":"https:\/\/poolwellness.de\/en\/wp-json\/wp\/v2\/pages\/8884\/revisions"}],"up":[{"embeddable":true,"href":"https:\/\/poolwellness.de\/en\/wp-json\/wp\/v2\/pages\/8886"}],"wp:attachment":[{"href":"https:\/\/poolwellness.de\/en\/wp-json\/wp\/v2\/media?parent=8884"}],"curies":[{"name":"wp","href":"https:\/\/api.w.org\/{rel}","templated":true}]}}